{"id":5090,"date":"2020-09-26T10:06:16","date_gmt":"2020-09-26T10:06:16","guid":{"rendered":"http:\/\/ztecmedical.com\/?page_id=5090"},"modified":"2020-12-16T21:22:20","modified_gmt":"2020-12-16T21:22:20","slug":"our-mission","status":"publish","type":"page","link":"https:\/\/ztecmedical.com\/es\/our-mission\/","title":{"rendered":"Nuestra misi\u00f3n"},"content":{"rendered":"<section class=\"l-section wpb_row height_medium width_full with_img with_overlay aboutrow\"><div class=\"l-section-img\" style=\"background-image: url(https:\/\/ztecmedical.com\/wp-content\/uploads\/2016\/09\/ztec-mission-2.jpg);\" data-img-width=\"1024\" data-img-height=\"682\"><\/div><div class=\"l-section-overlay\" style=\"background-color: rgba(0,0,0,0.01)\"><\/div><div class=\"l-section-h i-cf\"><div class=\"g-cols offset_small\"><div class=\"vc_col-sm-3 wpb_column vc_column_container\"><div class=\"vc_column-inner\"><div class=\"w-separator type_invisible size_medium thick_1 style_solid color_border cont_none\"><span class=\"w-separator-h\"><\/span><\/div><\/div><\/div><div class=\"vc_col-sm-6 wpb_column vc_column_container  vc_custom_1482298113795\"><div class=\"vc_column-inner\">[vc_custom_heading text=\u00bbManejando las dificultades m\u00e9dicas,<br \/>\n<b> hoy y ma\u00f1ana <\/b>\u00bb font_container=\u00bbtag:h1|font_size:55px|text_align:left|color:%23ffffff\u00bb google_fonts=\u00bbfont_family:Open%20Sans%3A300%2C300italic%2Cregular%2Citalic%2C600%2C600italic%2C700%2C700italic%2C800%2C800italic|font_style:400%20regular%3A400%3Anormal\u00bb el_class=\u00bbabout-text\u00bb]<\/div><\/div><div class=\"vc_col-sm-3 wpb_column vc_column_container\"><div class=\"vc_column-inner\"><\/div><\/div><\/div><\/div><\/section><section class=\"l-section wpb_row height_medium\"><div class=\"l-section-h i-cf\"><div class=\"g-cols offset_small\"><div class=\"vc_col-sm-12 wpb_column vc_column_container\"><div class=\"vc_column-inner\"><div class=\"wpb_text_column \"><div class=\"wpb_wrapper\">\n<p style=\"text-align: center;\"><strong>ZTEC Medical es una empresa de tecnolog\u00eda diversa, enfocada en mejorar la calidad de vida de las personas a trav\u00e9s de la innovaci\u00f3n significativa.<\/strong><\/p>\n<\/div> <\/div> <\/div><\/div><\/div><\/div><\/section><section class=\"l-section wpb_row height_auto width_full\"><div class=\"l-section-h i-cf\"><div class=\"g-cols offset_small\"><div class=\"vc_col-sm-6 wpb_column vc_column_container\"><div class=\"vc_column-inner\"><div class=\"g-cols wpb_row offset_small vc_inner  vc_custom_1483768577229\"><div class=\"vc_col-sm-12 wpb_column vc_column_container\"><div class=\"vc_column-inner\"><div class=\"wpb_text_column \"><div class=\"wpb_wrapper\">\n<h2><b>Creando innovaciones que realmente importan<\/b><\/h2>\n<p>Es firme nuesta creencia de que podemos traer nuevas soluciones al sistema de salud.<br \/>\nDesde ultrasonidos accesibles para los pa\u00edses en desarrollo hasta una plataforma digital de salud que recupera y analiza la informaci\u00f3n de los pacientes en tiempo real, nosotros siempre nos esforzamos en superarnos y en crear un mundo m\u00e1s equitativo a trav\u00e9s de nuestro enfoque en la innovaci\u00f3n.<\/p>\n<a onclick=\"wpex_toggle(1685291824, 'Leer m\u00e1s', 'Leer menos'); return false;\" class=\"wpex-link\" id=\"wpexlink1685291824\" href=\"#\">Leer m\u00e1s<\/a><div class=\"wpex_div\" id=\"wpex1685291824\" style=\"display: none;\">\n<p>Sabemos d\u00f3nde est\u00e1n las diferencias, los retos y c\u00f3mo las nuevas tecnolog\u00edas afectan la habilidad de crear servicios de salud de alta calidad.<br \/>\nLa combinaci\u00f3n de nuestra propia experiencia con profesionales, socios, proveedores y pacientes, nos motiva a mantenernos como una empresa sustentable de nivel mundial, conduciendo nuestros negocios de una manera socialmente responsable.<br \/>\n<\/div><\/div> <\/div> <\/div><\/div><\/div><\/div><\/div><div class=\"vc_col-sm-6 wpb_column vc_column_container\"><div class=\"vc_column-inner\"><div class=\"w-image  align_right\"><img width=\"1024\" height=\"682\" src=\"https:\/\/ztecmedical.com\/wp-content\/uploads\/2016\/11\/ztec-research--1024x682.jpg\" class=\"attachment-large size-large\" alt=\"Woman Receiving a medical Scan for Breast Cancer Diagnosis\" decoding=\"async\" loading=\"lazy\" srcset=\"https:\/\/ztecmedical.com\/wp-content\/uploads\/2016\/11\/ztec-research--1024x682.jpg 1024w, https:\/\/ztecmedical.com\/wp-content\/uploads\/2016\/11\/ztec-research--300x200.jpg 300w, https:\/\/ztecmedical.com\/wp-content\/uploads\/2016\/11\/ztec-research--768x512.jpg 768w, https:\/\/ztecmedical.com\/wp-content\/uploads\/2016\/11\/ztec-research--600x400.jpg 600w, https:\/\/ztecmedical.com\/wp-content\/uploads\/2016\/11\/ztec-research-.jpg 1100w\" sizes=\"(max-width: 1024px) 100vw, 1024px\" \/><\/div><\/div><\/div><\/div><\/div><\/section><!-- Row Backgrounds --><div class=\"upb_color\" data-bg-override=\"0\" data-bg-color=\"#d9edf6\" data-fadeout=\"\" data-fadeout-percentage=\"30\" data-parallax-content=\"\" data-parallax-content-sense=\"30\" data-row-effect-mobile-disable=\"true\" data-img-parallax-mobile-disable=\"true\" data-rtl=\"false\"  data-custom-vc-row=\"\"  data-vc=\"5.2\"  data-is_old_vc=\"\"  data-theme-support=\"\"   data-overlay=\"false\" data-overlay-color=\"\" data-overlay-pattern=\"\" data-overlay-pattern-opacity=\"\" data-overlay-pattern-size=\"\"    ><\/div><section class=\"l-section wpb_row height_medium with_img with_overlay our-mission\"><div class=\"l-section-img\" style=\"background-image: url(https:\/\/ztecmedical.com\/wp-content\/uploads\/2016\/09\/ztec-mission-.jpg);\" data-img-width=\"750\" data-img-height=\"563\"><\/div><div class=\"l-section-overlay\" style=\"background-color: rgba(2,2,2,0.22)\"><\/div><div class=\"l-section-h i-cf\"><div class=\"g-cols offset_small\"><div class=\"vc_col-sm-3 wpb_column vc_column_container\"><div class=\"vc_column-inner\"><div class=\"w-separator type_invisible size_medium thick_1 style_solid color_border cont_none\"><span class=\"w-separator-h\"><\/span><\/div><\/div><\/div><div class=\"vc_col-sm-6 wpb_column vc_column_container\"><div class=\"vc_column-inner\"><div class=\"wpb_text_column \"><div class=\"wpb_wrapper\">\n<h2><span style=\"color: #ffffff;\"><strong>Nos enfocamos en mejorar la vida de las personas<\/strong><\/span><\/h2>\n<p><span style=\"color: #ffffff; font-size: 16px;\">Estamos comprometidos en enfrentar los desaf\u00edos m\u00e9dicos actuales a trav\u00e9s de la creaci\u00f3n de soluciones que proveen atenci\u00f3n de calidad a m\u00e1s personas con costos m\u00e1s bajos.<br \/>\n<\/span><\/p>\n<p><span style=\"color: #ffffff; font-size: 16px;\">Ofrecemos servicios premium y equipo tanto quir\u00fargico y m\u00e9dico en todo el mundo que proveen no s\u00f3lo m\u00e9dicos profesionales de confianza y recursos indispensables, sino tambi\u00e9n servicios accesibles a su presupuesto.<\/span><\/div> <\/div> <\/div><\/div><div class=\"vc_col-sm-3 wpb_column vc_column_container\"><div class=\"vc_column-inner\"><div class=\"w-separator type_invisible size_medium thick_1 style_solid color_border cont_none\"><span class=\"w-separator-h\"><\/span><\/div><\/div><\/div><\/div><\/div><\/section><section class=\"l-section wpb_row height_medium\"><div class=\"l-section-h i-cf\"><div class=\"g-cols offset_small\"><div class=\"vc_col-sm-8 wpb_column vc_column_container\"><div class=\"vc_column-inner\"><div class=\"wpb_text_column \"><div class=\"wpb_wrapper\">\n<h2><strong>Un socio estrat\u00e9gico comprometido en mejorar la atenci\u00f3n al paciente a trav\u00e9s de la innovaci\u00f3n significativa es la clave diferencial para los sistemas de atenci\u00f3n de salud<\/strong><\/h2>\n<p style=\"text-align: left; font-size: 16px;\">Nuestro enfoque es facilitar un proceso de compras simple, f\u00e1cil y eficiente con un punto de contacto para todas las salas principales de operaci\u00f3n y los equipos quir\u00fargicos, todos de un mismo distribuidor.<\/p>\n<\/div> <\/div> <\/div><\/div><div class=\"vc_col-sm-4 wpb_column vc_column_container\"><div class=\"vc_column-inner\"><div class=\"w-image \"><img width=\"1024\" height=\"685\" src=\"https:\/\/ztecmedical.com\/wp-content\/uploads\/2016\/09\/ztec-african-parent-1-1024x685.jpg\" class=\"attachment-large size-large\" alt=\"african parent\" decoding=\"async\" loading=\"lazy\" srcset=\"https:\/\/ztecmedical.com\/wp-content\/uploads\/2016\/09\/ztec-african-parent-1-1024x685.jpg 1024w, https:\/\/ztecmedical.com\/wp-content\/uploads\/2016\/09\/ztec-african-parent-1-300x201.jpg 300w, https:\/\/ztecmedical.com\/wp-content\/uploads\/2016\/09\/ztec-african-parent-1-768x514.jpg 768w, https:\/\/ztecmedical.com\/wp-content\/uploads\/2016\/09\/ztec-african-parent-1-600x400.jpg 600w, https:\/\/ztecmedical.com\/wp-content\/uploads\/2016\/09\/ztec-african-parent-1.jpg 1920w\" sizes=\"(max-width: 1024px) 100vw, 1024px\" \/><\/div><\/div><\/div><\/div><\/div><\/section><section class=\"l-section wpb_row height_medium with_img with_overlay our-mission\"><div class=\"l-section-img\" style=\"background-image: url(https:\/\/ztecmedical.com\/wp-content\/uploads\/2016\/09\/ztec-missions.jpg);\" data-img-width=\"1200\" data-img-height=\"600\"><\/div><div class=\"l-section-overlay\" style=\"background-color: rgba(2,2,2,0.41)\"><\/div><div class=\"l-section-h i-cf\"><div class=\"g-cols offset_small\"><div class=\"vc_col-sm-8 wpb_column vc_column_container\"><div class=\"vc_column-inner\"><div class=\"wpb_text_column \"><div class=\"wpb_wrapper\">\n<h2><span style=\"color: #ffffff; text-shadow: 2px 2px #323232;\">Ofreciendo soluciones de atenci\u00f3n m\u00e9dica y brindado transformaciones para la atenci\u00f3n de pacientes<\/span><\/h2>\n<p style=\"text-align: left; font-size: 16px; text-shadow: 2px 2px #323232;\"><span style=\"color: #ffffff;\">Nosotros en \u00aeZTEC Medical esperamos que esto traiga un proceso de compra o exportaci\u00f3n m\u00e1s agradable para nuestros clientes y proveedores, a la vez que ofrecemos aparatos m\u00e9dicos, soluciones y servicios a los pacientes de alta calidad.<br \/>\n<\/span><\/p>\n<p style=\"text-align: left; font-size: 16px; text-shadow: 2px 2px #323232;\"><span style=\"color: #ffffff;\">Nos dedicamos a ser una empresa de desarrollo sustentable a nivel mundial, conduciendo nuestros negocios de una manera ambiental y socialmente responsable.<\/span><\/p>\n<\/div> <\/div> <\/div><\/div><div class=\"vc_col-sm-4 wpb_column vc_column_container\"><div class=\"vc_column-inner\"><\/div><\/div><\/div><\/div><\/section><section class=\"l-section wpb_row height_medium\"><div class=\"l-section-h i-cf\"><div class=\"g-cols offset_small\"><div class=\"vc_col-sm-4 wpb_column vc_column_container\"><div class=\"vc_column-inner\"><div class=\"w-image \"><img width=\"760\" height=\"500\" src=\"https:\/\/ztecmedical.com\/wp-content\/uploads\/2016\/09\/ztec-mission-and-ethics.jpg\" class=\"attachment-large size-large\" alt=\"ztec-mission-and-ethics\" decoding=\"async\" loading=\"lazy\" srcset=\"https:\/\/ztecmedical.com\/wp-content\/uploads\/2016\/09\/ztec-mission-and-ethics.jpg 760w, https:\/\/ztecmedical.com\/wp-content\/uploads\/2016\/09\/ztec-mission-and-ethics-300x197.jpg 300w, https:\/\/ztecmedical.com\/wp-content\/uploads\/2016\/09\/ztec-mission-and-ethics-600x395.jpg 600w\" sizes=\"(max-width: 760px) 100vw, 760px\" \/><\/div><\/div><\/div><div class=\"vc_col-sm-8 wpb_column vc_column_container\"><div class=\"vc_column-inner\"><div class=\"wpb_text_column \"><div class=\"wpb_wrapper\">\n<h2><strong>Apoyando a la comunidad, apoyando a los j\u00f3venes<\/strong><\/h2>\n<p>Nosotros apoyamos a las comunidades motivando a los j\u00f3venes a aprender m\u00e1s sobre las culturas de alrededor del mundo.<br \/>\nNuestra misi\u00f3n aborda cuestiones como la hambruna y la falta de asistencia y de equipos m\u00e9dicos que las comunidades m\u00e1s pobres enfrentan cada d\u00eda. Creemos que mejorando sus est\u00e1ndares de vida empezaremos a reducir la pobreza en su comunidades.<br \/>\n<\/div> <\/div> <\/div><\/div><\/div><\/div><\/section><section class=\"l-section wpb_row height_medium with_img\"><div class=\"l-section-img\" style=\"background-image: url(https:\/\/ztecmedical.com\/wp-content\/uploads\/2016\/09\/ztec-healthcare-mission-africa.jpg);\" data-img-width=\"2000\" data-img-height=\"1000\"><\/div><div class=\"l-section-h i-cf\"><div class=\"g-cols offset_small\"><div class=\"vc_col-sm-8 wpb_column vc_column_container\"><div class=\"vc_column-inner\"><div class=\"w-separator type_invisible size_small thick_1 style_solid color_border cont_none\"><span class=\"w-separator-h\"><\/span><\/div><div class=\"wpb_text_column \"><div class=\"wpb_wrapper\">\n<h2><span style=\"color: #ffffff; text-shadow: 2px 2px #323232;\">Empoderando a las comunidades a trav\u00e9s de las mujeres<\/span><\/h2>\n<p><span style=\"color: #ffffff; text-shadow: 2px 2px #323232; font-size: 16px;\">En Ztec Medical, empoderamos a las mujeres. Creemos que ellas tienen las habilidades para crear y fortalecer las nuevas generaciones. Al empoderarlas, pueden criar hijos en un ambiente estable y saludable. De esta forma, estamos comprometidos en ser una empresa de desarrollo de atenci\u00f3n m\u00e9dica de clase mundial, ayudando a criar generaciones m\u00e1s educadas y motivadas.<\/span><\/div> <\/div> <div class=\"w-separator type_invisible size_medium thick_1 style_solid color_border cont_none\"><span class=\"w-separator-h\"><\/span><\/div><\/div><\/div><div class=\"vc_col-sm-4 wpb_column vc_column_container\"><div class=\"vc_column-inner\"><\/div><\/div><\/div><\/div><\/section><section class=\"l-section wpb_row height_medium\"><div class=\"l-section-h i-cf\"><div class=\"g-cols offset_small\"><div class=\"vc_col-sm-12 wpb_column vc_column_container\"><div class=\"vc_column-inner\"><div class=\"wpb_text_column \"><div class=\"wpb_wrapper\"><span style=\"font-size: large; color: #ffffff;\">Todav\u00eda existimos bajo los mismos valores fundamentales:<\/span><\/div> <\/div> <div class=\"w-separator type_invisible size_small thick_1 style_solid color_border cont_none\"><span class=\"w-separator-h\"><\/span><\/div><div class=\"g-cols wpb_row offset_small vc_inner \"><div class=\"vc_col-sm-4 wpb_column vc_column_container\"><div class=\"vc_column-inner\"><div class=\"w-iconbox iconpos_top size_huge style_default color_primary icontype_img\"><div class=\"w-iconbox-icon\"><img src=\"https:\/\/ztecmedical.com\/wp-content\/uploads\/2016\/09\/ztec-about-us-child-.jpg\" width=\"475\" height=\"257\" alt=\"Salud innovadora\" \/><\/div><h4 class=\"w-iconbox-title\">Salud innovadora<\/h4><div class=\"w-iconbox-text\">Nuestros equipos est\u00e1n constantemente pensando de maneras creativas c\u00f3mo transformar nuestras ideas en una realidad que beneficiar\u00e1 a todos en el cuidado de la salud.<\/div><\/div><\/div><\/div><div class=\"vc_col-sm-4 wpb_column vc_column_container\"><div class=\"vc_column-inner\"><div class=\"w-iconbox iconpos_top size_huge style_default color_primary icontype_img\"><div class=\"w-iconbox-icon\"><img src=\"https:\/\/ztecmedical.com\/wp-content\/uploads\/2016\/09\/ztec-about-improve-.jpg\" width=\"600\" height=\"347\" alt=\"Mejorando nuestro desempe\u00f1o\" \/><\/div><h4 class=\"w-iconbox-title\">Mejorando nuestro desempe\u00f1o<\/h4><div class=\"w-iconbox-text\">Siempre trabajaremos duro para beneficiar a todos nuestros clientes.<\/div><\/div><\/div><\/div><div class=\"vc_col-sm-4 wpb_column vc_column_container\"><div class=\"vc_column-inner\"><div class=\"w-iconbox iconpos_top size_huge style_default color_primary icontype_img\"><div class=\"w-iconbox-icon\"><img src=\"https:\/\/ztecmedical.com\/wp-content\/uploads\/2016\/09\/ztec-at-sustainable-world-.jpg\" width=\"1000\" height=\"667\" alt=\"Colaborando en todo el mundo\" \/><\/div><h4 class=\"w-iconbox-title\">Colaborando en todo el mundo<\/h4><div class=\"w-iconbox-text\">Queremos crear oportunidades globales en todo el mundo para aumentar el alcance de nuestras soluciones m\u00e9dicas.<\/div><\/div><\/div><\/div><\/div><div class=\"w-separator type_invisible size_small thick_1 style_solid color_border cont_none\"><span class=\"w-separator-h\"><\/span><\/div><div class=\"g-cols wpb_row offset_small vc_inner \"><div class=\"vc_col-sm-4 wpb_column vc_column_container\"><div class=\"vc_column-inner\"><div class=\"w-iconbox iconpos_top size_huge style_default color_primary icontype_img\"><div class=\"w-iconbox-icon\"><img src=\"https:\/\/ztecmedical.com\/wp-content\/uploads\/2016\/09\/ztec-about-us-manager-.jpg\" width=\"700\" height=\"467\" alt=\"Oportunidades equitativas\" \/><\/div><h4 class=\"w-iconbox-title\">Oportunidades equitativas<\/h4><div class=\"w-iconbox-text\">Creamos oportunidades iguales para todos, pues queremos apoyar talentos brillantes.<\/div><\/div><\/div><\/div><div class=\"vc_col-sm-4 wpb_column vc_column_container\"><div class=\"vc_column-inner\"><div class=\"w-iconbox iconpos_top size_huge style_default color_primary icontype_img\"><div class=\"w-iconbox-icon\"><img src=\"https:\/\/ztecmedical.com\/wp-content\/uploads\/2016\/09\/ztec-about-us-positive-.jpg\" width=\"600\" height=\"520\" alt=\"Optimismo\" \/><\/div><h4 class=\"w-iconbox-title\">Optimismo<\/h4><div class=\"w-iconbox-text\">Reaccionamos a los cambios dentro del mundo de la salud con una actitud optimista para seguir mejorando el cuidado de los pacientes.<\/div><\/div><\/div><\/div><div class=\"vc_col-sm-4 wpb_column vc_column_container\"><div class=\"vc_column-inner\"><div class=\"w-iconbox iconpos_top size_huge style_default color_primary icontype_img\"><div class=\"w-iconbox-icon\"><img src=\"https:\/\/ztecmedical.com\/wp-content\/uploads\/2016\/09\/ztec-sustainable-world-.jpg\" width=\"424\" height=\"283\" alt=\"Sustentabilidad\" \/><\/div><h4 class=\"w-iconbox-title\">Sustentabilidad<\/h4><div class=\"w-iconbox-text\">\u00abActuando hoy para proteger el futuro\u00bb<br \/>\nA partir de nuestros productos y servicios hacia nuestras personas, estamos comprometidos en poner el ejemplo a trav\u00e9s de nuestros programas tanto ambiental como socialmente responsables.<br \/>\n<\/div><\/div><\/div><\/div><\/div><\/div><\/div><\/div><\/div><\/section><!-- Row Backgrounds --><div class=\"upb_grad\" data-grad=\"background: -webkit-gradient(linear, left top, left bottom, color-stop(0%, #E3E3E3), color-stop(0%, #E3E3E3), color-stop(0%, #431560), color-stop(0%, #E3E3E3), color-stop(0%, #E3E3E3), color-stop(0%, #E3E3E3), color-stop(0%, #E3E3E3), color-stop(0%, #E3E3E3), color-stop(0%, #E3E3E3), color-stop(0%, #E3E3E3), color-stop(0%, #E3E3E3), color-stop(0%, #431560), color-stop(85%, #631D76));background: -moz-linear-gradient(top,#E3E3E3 0%,#E3E3E3 0%,#431560 0%,#E3E3E3 0%,#E3E3E3 0%,#E3E3E3 0%,#E3E3E3 0%,#E3E3E3 0%,#E3E3E3 0%,#E3E3E3 0%,#E3E3E3 0%,#431560 0%,#631D76 85%);background: -webkit-linear-gradient(top,#E3E3E3 0%,#E3E3E3 0%,#431560 0%,#E3E3E3 0%,#E3E3E3 0%,#E3E3E3 0%,#E3E3E3 0%,#E3E3E3 0%,#E3E3E3 0%,#E3E3E3 0%,#E3E3E3 0%,#431560 0%,#631D76 85%);background: -o-linear-gradient(top,#E3E3E3 0%,#E3E3E3 0%,#431560 0%,#E3E3E3 0%,#E3E3E3 0%,#E3E3E3 0%,#E3E3E3 0%,#E3E3E3 0%,#E3E3E3 0%,#E3E3E3 0%,#E3E3E3 0%,#431560 0%,#631D76 85%);background: -ms-linear-gradient(top,#E3E3E3 0%,#E3E3E3 0%,#431560 0%,#E3E3E3 0%,#E3E3E3 0%,#E3E3E3 0%,#E3E3E3 0%,#E3E3E3 0%,#E3E3E3 0%,#E3E3E3 0%,#E3E3E3 0%,#431560 0%,#631D76 85%);background: linear-gradient(top,#E3E3E3 0%,#E3E3E3 0%,#431560 0%,#E3E3E3 0%,#E3E3E3 0%,#E3E3E3 0%,#E3E3E3 0%,#E3E3E3 0%,#E3E3E3 0%,#E3E3E3 0%,#E3E3E3 0%,#431560 0%,#631D76 85%);\" data-bg-override=\"0\" data-upb-overlay-color=\"\" data-upb-bg-animation=\"\" data-fadeout=\"\" data-fadeout-percentage=\"30\" data-parallax-content=\"\" data-parallax-content-sense=\"30\" data-row-effect-mobile-disable=\"true\" data-img-parallax-mobile-disable=\"true\" data-rtl=\"false\"  data-custom-vc-row=\"\"  data-vc=\"5.2\"  data-is_old_vc=\"\"  data-theme-support=\"\"   data-overlay=\"false\" data-overlay-color=\"\" data-overlay-pattern=\"\" data-overlay-pattern-opacity=\"\" data-overlay-pattern-size=\"\"    ><\/div>","protected":false},"excerpt":{"rendered":"[vc_custom_heading text=\"Manejando las dificultades m\u00e9dicas, hoy y ma\u00f1ana \" font_container=\"tag:h1|font_size:55px|text_align:left|color:%23ffffff\" google_fonts=\"font_family:Open%20Sans%3A300%2C300italic%2Cregular%2Citalic%2C600%2C600italic%2C700%2C700italic%2C800%2C800italic|font_style:400%20regular%3A400%3Anormal\" el_class=\"about-text\"] ZTEC Medical es una empresa de tecnolog\u00eda diversa, enfocada en mejorar la calidad de vida de las personas...","protected":false},"author":1,"featured_media":0,"parent":0,"menu_order":0,"comment_status":"closed","ping_status":"closed","template":"","meta":[],"yoast_head":"<!-- This site is optimized with the Yoast SEO plugin v15.5 - https:\/\/yoast.com\/wordpress\/plugins\/seo\/ -->\n<meta name=\"description\" content=\"Our Mission | \u00ae ZTEC Medical is a diversified technology company, focused on improving people\u2019s lives through meaningful innovation.\" \/>\n<meta name=\"robots\" content=\"index, follow, max-snippet:-1, max-image-preview:large, max-video-preview:-1\" \/>\n<link rel=\"canonical\" href=\"https:\/\/ztecmedical.com\/our-mission\/\" \/>\n<meta property=\"og:locale\" content=\"es_ES\" \/>\n<meta property=\"og:type\" content=\"article\" \/>\n<meta property=\"og:title\" content=\"[:en]Our Mission[:es]Nuestra misi\u00f3n[:pt]Nossa miss\u00e3o[:] | ZTEC MEDICAL\" \/>\n<meta property=\"og:description\" content=\"Our Mission | \u00ae ZTEC Medical is a diversified technology company, focused on improving people\u2019s lives through meaningful innovation.\" \/>\n<meta property=\"og:url\" content=\"https:\/\/ztecmedical.com\/our-mission\/\" \/>\n<meta property=\"og:site_name\" content=\"ZTEC MEDICAL\" \/>\n<meta property=\"article:modified_time\" content=\"2020-12-16T21:22:20+00:00\" \/>\n<meta name=\"twitter:card\" content=\"summary\" \/>\n<meta name=\"twitter:label1\" content=\"Tiempo de lectura\">\n\t<meta name=\"twitter:data1\" content=\"16 minutos\">\n<script type=\"application\/ld+json\" class=\"yoast-schema-graph\">{\"@context\":\"https:\/\/schema.org\",\"@graph\":[{\"@type\":\"WebSite\",\"@id\":\"https:\/\/ztecmedical.com\/#website\",\"url\":\"https:\/\/ztecmedical.com\/\",\"name\":\"ZTEC MEDICAL\",\"description\":\"Medical Equipment Export, Medical Devices\",\"potentialAction\":[{\"@type\":\"SearchAction\",\"target\":\"https:\/\/ztecmedical.com\/?s={search_term_string}\",\"query-input\":\"required name=search_term_string\"}],\"inLanguage\":\"es\"},{\"@type\":\"WebPage\",\"@id\":\"https:\/\/ztecmedical.com\/our-mission\/#webpage\",\"url\":\"https:\/\/ztecmedical.com\/our-mission\/\",\"name\":\"[:en]Our Mission[:es]Nuestra misi\\u00f3n[:pt]Nossa miss\\u00e3o[:] | ZTEC MEDICAL\",\"isPartOf\":{\"@id\":\"https:\/\/ztecmedical.com\/#website\"},\"datePublished\":\"2020-09-26T10:06:16+00:00\",\"dateModified\":\"2020-12-16T21:22:20+00:00\",\"description\":\"Our Mission | \\u00ae ZTEC Medical is a diversified technology company, focused on improving people\\u2019s lives through meaningful innovation.\",\"inLanguage\":\"es\",\"potentialAction\":[{\"@type\":\"ReadAction\",\"target\":[\"https:\/\/ztecmedical.com\/our-mission\/\"]}]}]}<\/script>\n<!-- \/ Yoast SEO plugin. -->","_links":{"self":[{"href":"https:\/\/ztecmedical.com\/es\/wp-json\/wp\/v2\/pages\/5090"}],"collection":[{"href":"https:\/\/ztecmedical.com\/es\/wp-json\/wp\/v2\/pages"}],"about":[{"href":"https:\/\/ztecmedical.com\/es\/wp-json\/wp\/v2\/types\/page"}],"author":[{"embeddable":true,"href":"https:\/\/ztecmedical.com\/es\/wp-json\/wp\/v2\/users\/1"}],"replies":[{"embeddable":true,"href":"https:\/\/ztecmedical.com\/es\/wp-json\/wp\/v2\/comments?post=5090"}],"version-history":[{"count":2,"href":"https:\/\/ztecmedical.com\/es\/wp-json\/wp\/v2\/pages\/5090\/revisions"}],"predecessor-version":[{"id":5783,"href":"https:\/\/ztecmedical.com\/es\/wp-json\/wp\/v2\/pages\/5090\/revisions\/5783"}],"wp:attachment":[{"href":"https:\/\/ztecmedical.com\/es\/wp-json\/wp\/v2\/media?parent=5090"}],"curies":[{"name":"wp","href":"https:\/\/api.w.org\/{rel}","templated":true}]}}