{"id":5092,"date":"2020-09-26T10:06:49","date_gmt":"2020-09-26T10:06:49","guid":{"rendered":"http:\/\/ztecmedical.com\/?page_id=5092"},"modified":"2020-12-16T21:22:33","modified_gmt":"2020-12-16T21:22:33","slug":"privacy-notice","status":"publish","type":"page","link":"https:\/\/ztecmedical.com\/es\/privacy-notice\/","title":{"rendered":"Aviso de privacidad"},"content":{"rendered":"<section class=\"l-section wpb_row height_auto\" style=\"padding-top: 20px !important;\"><div class=\"l-section-h i-cf\"><div class=\"g-cols offset_small\"><div class=\"vc_col-sm-12 wpb_column vc_column_container\"><div class=\"vc_column-inner\"><div class=\"w-separator type_invisible size_medium thick_1 style_solid color_border cont_none\"><span class=\"w-separator-h\"><\/span><\/div><div class=\"wpb_text_column \"><div class=\"wpb_wrapper\">\n<h3><strong>Introducci\u00f3n<\/strong><\/h3>\n<\/div> <\/div> <div class=\"wpb_text_column \"><div class=\"wpb_wrapper\"><strong>Introducci\u00f3n<\/strong><\/p>\n<p>Bienvenido al sitio ztecmedical.com (el \u201cSitio\u201d). Ztec Medical, Inc. Este aviso de privacidad aplica para los datos personales de los consumidores que recopila o utiliza Ztec Medical Inc. Ztec Medical agradece el inter\u00e9s mostrado en nuestra empresa y nuestros productos y servicios mediante su visita a nuestros sitios web, www.ztecmedical.com o los canales de comunicaci\u00f3n relacionados, incluidos, entre otros, nuestras p\u00e1ginas o nuestros canales en medios sociales y blogs (conjuntamente, \u201cp\u00e1ginas de Ztec Medical\u201d). Este aviso de privacidad aplica para todos los datos personales que Ztec Medical recopila cuando el usuario interact\u00faa con Ztec Medical, como cuando visita nuestros sitios web, cuando utiliza los productos o servicios que ofrece Ztec Medical, cuando compra productos de Ztec Medical, cuando se suscribe a boletines, cuando se comunica con el servicio de atenci\u00f3n al cliente y cuando interact\u00faa con Ztec Medical como cliente comercial, proveedor o socio comercial de la empresa, etc.<br \/>\nEsto incluye, sin limitaci\u00f3n, todas las recopilaciones en l\u00ednea y sin conexi\u00f3n de todos los tipos de datos personales. Sin embargo, algunas de las recopilaciones de las p\u00e1ginas de Ztec Medical involucran tipos de datos con requisitos especiales (por ejemplo, datos m\u00e9dicos) que requieren un aviso de privacidad diferente. Cuando corresponda y cualquiera sea el caso, Ztec Medical aclarar\u00e1 que el aviso de privacidad en cuesti\u00f3n es distinto de este aviso de privacidad general.<\/p>\n<p><strong>Divulgaci\u00f3n de sus datos personales a terceros<\/strong><br \/>\nEsta garant\u00eda se da en lugar de otras garant\u00edas, ya sea expresa o impl\u00edcitamente. Ninguna declaraci\u00f3n o reclamaci\u00f3n sobre el producto por un empleado, agente o distribuidor de \u00aeZTEC Medical deben constituir una garant\u00eda en el nombre de \u00aeZTEC Medical o conllevar cualquier responsabilidad u obligaci\u00f3n de \u00aeZTEC Medical.<br \/>\n\u00aeZTEC Medical Inc. Garantiza que su equipo est\u00e1 libre de defectos en los materiales y en la construcci\u00f3n bajo usos normales y con mantenimiento apropiado. La longitud de la garant\u00eda var\u00eda de producto en producto, por favor pida a su representante \u00aeZTEC Medical la cobertura de la garant\u00eda espec\u00edfica. Para pl\u00e1sticos, caucho u otros art\u00edculos prescindibles, \u00aeZTEC Medical s\u00f3lo garantiza que dichas partes no tendr\u00e1n defectos en sus materiales y construcci\u00f3n en el momento de la compra.<br \/>\nRepararemos o sustituiremos cualquier art\u00edculo o parte defectuosos que se encuentren cubiertos por la garant\u00eda y que se regresen a nosotros dentro de la vigencia. Se requiere la informaci\u00f3n siguiente: el n\u00famero de RMA (llamar a Ztec Medical para obtener este), una carta declarando el problema, n\u00famero de serie y copia de la factura o, en lugar de \u00e9sta, el nombre del comprador, la fecha de compra, n\u00famero de tel\u00e9fono y direcci\u00f3n.<br \/>\nEl equipo da\u00f1ado se excluye de esta garant\u00eda y se reparar\u00e1 por una tarifa. Por favor p\u00f3ngase en contacto con su compa\u00f1\u00eda de transporte para presentar cualquier reclamaci\u00f3n por da\u00f1o de transporte.<br \/>\nPor favor no lleve a reparar su equipo a terceros sin una autorizaci\u00f3n escrita previa. Hacerlo podr\u00eda resultar en la anulaci\u00f3n de su garant\u00eda original.<br \/>\n<strong>Sus derechos<\/strong><br \/>\nUna vez que nos proporciona sus datos personales, tiene acceso razonable a la informaci\u00f3n para que pueda actualizarla, modificarla o, si es legalmente posible, eliminarla. Con este fin, le remitimos al sitio web de privacidad de Ztec Medical (www.ztecmedical.com\/privacy) donde puede ejercer sus derechos. En este sitio web, tambi\u00e9n puede plantear otras preguntas o hacer denuncias sobre su privacidad en (info@ztecmedical.com).<br \/>\nAdem\u00e1s, cuando inicia sesi\u00f3n en su cuenta y accede a la \u00abconfiguraci\u00f3n personal\u00bb (personal settings), puede eliminar o cambiar la configuraci\u00f3n de privacidad de su cuenta en My Ztec Medical.<br \/>\nTambi\u00e9n podr\u00e1 rechazar los mensajes comerciales que enviamos. Lo exhortamos a mantener su configuraci\u00f3n e informaci\u00f3n personales completos y actualizados.<\/p>\n<p><strong>Sus opciones<\/strong><br \/>\nQueremos conocerle mejor para poder ofrecerle un mejor servicio, aunque respetamos sus elecciones con respecto al uso de sus datos personales.<br \/>\nEstos datos personales se pueden transferir del pa\u00eds de origen del consumidor a otras empresas de Ztec Medical en diferentes ubicaciones del mundo, las cuales pueden comunicarse con el titular de los datos con respecto a productos, servicios y ofertas especiales de Ztec Medical en las que pueda estar interesado. Si lo requiere la ley local, le pediremos su consentimiento previo para transferir sus datos personales fuera de su ubicaci\u00f3n geogr\u00e1fica.<br \/>\nSi no desea recibir informaci\u00f3n ni ofertas personalizadas, puede notific\u00e1rnoslo marcando la casilla correspondiente en el formulario de registro o la tarjeta de respuesta. Tambi\u00e9n puede comunic\u00e1rnoslo a trav\u00e9s de la selecci\u00f3n de la opci\u00f3n de no inclusi\u00f3n de los mensajes de correo electr\u00f3nico que reciba.<br \/>\nSi lo requiere la ley local, le pediremos que indique su disposici\u00f3n o d\u00e9 su consentimiento para el procesamiento de sus datos personales. Por ejemplo, si lo requiere la ley local, solo le enviaremos boletines si est\u00e1 suscrito a ellos. De manera similar, y de nuevo si lo requiere la ley local, le pediremos que indique su disposici\u00f3n antes de utilizar t\u00e9cnicas sofisticadas de creaci\u00f3n de perfiles.<br \/>\nDebido a que Ztec Medical vende miles de productos y servicios en cientos de pa\u00edses, es posible que usted ya nos haya proporcionado informaci\u00f3n personal a trav\u00e9s de tarjetas de respuesta, nuestros centros de llamadas o de cualquier otra forma. Su decisi\u00f3n de no registrarse ahora no afectar\u00e1 la informaci\u00f3n que ya haya proporcionado a Ztec Medical. Por supuesto, siempre puede anular la suscripci\u00f3n a cualquier comunicaci\u00f3n personalizada de Ztec Medical o cambiar la informaci\u00f3n de su perfil personal como se explica en la secci\u00f3n \u201cSus derechos\u201d.<\/p>\n<p><strong>Se\u00f1ales de no seguir<\/strong><br \/>\nZtec Medical se toma muy en serio la privacidad y la seguridad, y se esfuerza en poner a los usuarios de nuestro sitio web en primer lugar en todos los aspectos de nuestro negocio. Ztec Medical utiliza cookies para ayudarle a sacar el mayor provecho de las p\u00e1ginas de Ztec Medical.<br \/>\nTenga en cuenta que Ztec Medical actualmente no hace uso de una soluci\u00f3n t\u00e9cnica que nos permita responder a las se\u00f1ales de \u00abno seguir\u00bb o \u00abno rastrear\u00bb de su explorador. No obstante, con el fin de gestionar las preferencias de las cookies, puede cambiar la configuraci\u00f3n de las cookies en la configuraci\u00f3n del explorador en cualquier momento. Puede aceptar todas las cookies o solo algunas. Si desactiva las cookies en la configuraci\u00f3n del explorador, puede que algunas secciones de nuestros sitios web no funcionen. Por ejemplo, puede tener problemas para iniciar sesi\u00f3n o hacer compras en l\u00ednea.<br \/>\nPuede encontrar m\u00e1s informaci\u00f3n sobre c\u00f3mo cambiar la configuraci\u00f3n de las cookies en el explorador que utiliza en la siguiente lista:<br \/>\nhttps:\/\/www.google.com\/intl\/en\/policies\/technologies\/managing\/<br \/>\nhttp:\/\/support.mozilla.com\/en-GB\/kb\/Cookies#w_cookie-settings<br \/>\nhttp:\/\/windows.microsoft.com\/en-GB\/windows-vista\/Block-or-allow-cookies<br \/>\nhttp:\/\/www.apple.com\/safari\/features.html#security<br \/>\nEn las p\u00e1ginas de Ztec Medical, tambi\u00e9n se utilizan cookies de Flash. Estas cookies pueden eliminarse a trav\u00e9s de la configuraci\u00f3n de Flash Player. Seg\u00fan la versi\u00f3n de Internet Explorer (u otro explorador) y el reproductor multimedia que utilice, es posible que pueda gestionar las cookies de Flash en su explorador. Para gestionar las cookies de Flash, visite el sitio web de Adobe. Tenga en cuenta que la restricci\u00f3n del uso de cookies de Flash puede influir en las funciones disponibles.<\/p>\n<p><strong>Redes sociales<\/strong><br \/>\nCuando participe en los distintos foros de medios sociales como Facebook, Twitter, Yammer, Pinterest, Instagram, LinkedIn, etc., deber\u00eda conocer y comprender las herramientas que dichos sitios le proporcionan y que le permiten seleccionar c\u00f3mo comparte los datos personales en sus perfiles de medios sociales.<br \/>\nZtec Medical se rige por las pr\u00e1cticas o pol\u00edticas de privacidad de estos terceros, as\u00ed como por nuestras propias reglas internas de medios sociales y este aviso de privacidad, por lo que lo instamos a que lea los avisos de privacidad, los t\u00e9rminos de uso y la informaci\u00f3n relacionada vigentes sobre c\u00f3mo se utilizan sus datos personales en estos medios sociales.<br \/>\nAdem\u00e1s, seg\u00fan las opciones que haya elegido con respecto a sus ajustes en los distintos sitios de medios sociales y a sus ajustes en nuestras p\u00e1ginas de Ztec Medical, determinados datos personales se compartir\u00e1n con Ztec Medical sobre sus actividades en l\u00ednea y perfiles de medios sociales (por ejemplo, intereses, estado marital, g\u00e9nero, nombre de usuario, foto, comentarios que haya publicado, etc.).<\/p>\n<p><strong>V\u00ednculos a otros sitios web<\/strong><br \/>\nDurante su recorrido en l\u00ednea por los sitios web de Ztec Medical, es posible que encuentre enlaces a otros sitios web para su conveniencia e informaci\u00f3n. Es posible que estos sitios web funcionen de manera independiente de Ztec Medical y apliquen sus propios avisos, declaraciones o pol\u00edticas de privacidad. Le sugerimos categ\u00f3ricamente que los revise para comprender c\u00f3mo se pueden procesar sus datos personales en relaci\u00f3n con dichos sitios, puesto que no somos responsables del contenido de sitios que no sean de propiedad de ni administrados por Ztec Medical, as\u00ed como tampoco tenemos injerencia en las pr\u00e1cticas de uso o privacidad de esos sitios.<\/p>\n<p><strong>Cloud<\/strong><br \/>\nEs posible que Ztec Medical almacene sus datos personales en una nube. Esto significa que sus datos personales pueden procesarse en nombre de Ztec Medical por un proveedor de servicios en la nube y almacenarse en diferentes ubicaciones del mundo. Ztec Medical utiliza medidas organizativas y contractuales para proteger sus datos personales e imponer requisitos similares, y en ning\u00fan caso menos restrictivos, a nuestros proveedores de servicios en la nube, incluido que sus datos personales se procesen exclusivamente para los fines mencionados anteriormente.<\/p>\n<p><strong>C\u00f3mo protegemos sus datos personales<\/strong><br \/>\nReconocemos y nos tomamos muy en serio nuestra responsabilidad de proteger los datos personales que conf\u00eda a Ztec Medical ante casos de p\u00e9rdida, uso inapropiado o acceso no autorizado. Ztec Medical cuenta con distintas tecnolog\u00edas de seguridad y procedimientos organizativos para proteger sus datos personales. Por ejemplo, implementamos controles de acceso, utilizamos firewalls y servidores seguros, y ciframos determinados tipos de datos, como la informaci\u00f3n financiera y otros datos confidenciales.<\/p>\n<p><strong>Informaci\u00f3n especial para los padres<\/strong><br \/>\nSi bien los sitios web de Ztec Medical por lo general no est\u00e1n orientados a ni\u00f1os menores de 16 a\u00f1os, la pol\u00edtica de Ztec Medical es cumplir con la ley que exige el permiso de padres o tutores antes de recopilar, usar o divulgar informaci\u00f3n de ni\u00f1os.<br \/>\nZtec Medical recomienda encarecidamente que los padres asuman un papel activo en la supervisi\u00f3n de las actividades en l\u00ednea de sus hijos. Si cree que hemos recopilado informaci\u00f3n personal de una persona menor de 16 a\u00f1os, comun\u00edquese con el sitio web de privacidad de Ztec Medical (info@ztecmedical.com).<\/p>\n<p><strong>Modificaciones a este aviso de privacidad<\/strong><br \/>\nLos servicios que ofrece Ztec Medical evolucionan constantemente, y tanto la forma como la naturaleza de los servicios que ofrecidos podr\u00edan cambiar de vez en cuando sin previo aviso. Por esta raz\u00f3n, nos reservamos el derecho de realizar modificaciones o incorporaciones a este aviso de privacidad de vez en cuando, y publicaremos cualquier revisi\u00f3n de los materiales en nuestros sitios web.<br \/>\nPublicaremos un aviso destacado en nuestra p\u00e1gina de aviso de privacidad para notificarle de alg\u00fan cambio importante en este aviso de privacidad e indicaremos, en la parte superior del aviso, cu\u00e1ndo se realiz\u00f3 la actualizaci\u00f3n m\u00e1s reciente. Lo instamos a que verifique frecuentemente la versi\u00f3n m\u00e1s reciente.<br \/>\nEl nuevo aviso de privacidad entrar\u00e1 en vigor en el momento de su publicaci\u00f3n; si no acepta el aviso corregido, deber\u00e1 cambiar sus preferencias o dejar de utilizar las p\u00e1ginas de Ztec Medical. Si contin\u00faa accediendo o utilizando nuestros servicios despu\u00e9s de la entrada en vigor de dichas modificaciones, acepta estar sujeto al aviso de privacidad corregido.<\/p>\n<p><strong>C\u00f3mo contactarnos<\/strong><br \/>\nCont\u00e1ctenos para cualquier pregunta sobre la nota de privacidad del sitio Ztec Medical en (info@ztecmedical.com)<\/p>\n<p><strong>Aviso de privacidad de \u00aeZTEC Medical<\/strong><br \/>\nFecha de vigencia de este aviso<br \/>\n2 de agosto del 2016<\/div> <\/div> <\/div><\/div><\/div><\/div><\/section>","protected":false},"excerpt":{"rendered":"Introducci\u00f3n Introducci\u00f3n Bienvenido al sitio ztecmedical.com (el \u201cSitio\u201d). Ztec Medical, Inc. Este aviso de privacidad aplica para los datos personales de los consumidores que recopila o utiliza Ztec Medical Inc....","protected":false},"author":1,"featured_media":0,"parent":0,"menu_order":0,"comment_status":"closed","ping_status":"closed","template":"","meta":[],"yoast_head":"<!-- This site is optimized with the Yoast SEO plugin v15.5 - https:\/\/yoast.com\/wordpress\/plugins\/seo\/ -->\n<meta name=\"robots\" content=\"index, follow, max-snippet:-1, max-image-preview:large, max-video-preview:-1\" \/>\n<link rel=\"canonical\" href=\"https:\/\/ztecmedical.com\/privacy-notice\/\" \/>\n<meta property=\"og:locale\" content=\"es_ES\" \/>\n<meta property=\"og:type\" content=\"article\" \/>\n<meta property=\"og:title\" content=\"[:en]Privacy Notice[:es]Aviso de privacidad[:pt]Aviso de Privacidade[:] | ZTEC MEDICAL\" \/>\n<meta property=\"og:url\" content=\"https:\/\/ztecmedical.com\/privacy-notice\/\" \/>\n<meta property=\"og:site_name\" content=\"ZTEC MEDICAL\" \/>\n<meta property=\"article:modified_time\" content=\"2020-12-16T21:22:33+00:00\" \/>\n<meta name=\"twitter:card\" content=\"summary\" \/>\n<meta name=\"twitter:label1\" content=\"Tiempo de lectura\">\n\t<meta name=\"twitter:data1\" content=\"27 minutos\">\n<script type=\"application\/ld+json\" class=\"yoast-schema-graph\">{\"@context\":\"https:\/\/schema.org\",\"@graph\":[{\"@type\":\"WebSite\",\"@id\":\"https:\/\/ztecmedical.com\/#website\",\"url\":\"https:\/\/ztecmedical.com\/\",\"name\":\"ZTEC MEDICAL\",\"description\":\"Medical Equipment Export, Medical Devices\",\"potentialAction\":[{\"@type\":\"SearchAction\",\"target\":\"https:\/\/ztecmedical.com\/?s={search_term_string}\",\"query-input\":\"required name=search_term_string\"}],\"inLanguage\":\"es\"},{\"@type\":\"WebPage\",\"@id\":\"https:\/\/ztecmedical.com\/privacy-notice\/#webpage\",\"url\":\"https:\/\/ztecmedical.com\/privacy-notice\/\",\"name\":\"[:en]Privacy Notice[:es]Aviso de privacidad[:pt]Aviso de Privacidade[:] | ZTEC MEDICAL\",\"isPartOf\":{\"@id\":\"https:\/\/ztecmedical.com\/#website\"},\"datePublished\":\"2020-09-26T10:06:49+00:00\",\"dateModified\":\"2020-12-16T21:22:33+00:00\",\"inLanguage\":\"es\",\"potentialAction\":[{\"@type\":\"ReadAction\",\"target\":[\"https:\/\/ztecmedical.com\/privacy-notice\/\"]}]}]}<\/script>\n<!-- \/ Yoast SEO plugin. -->","_links":{"self":[{"href":"https:\/\/ztecmedical.com\/es\/wp-json\/wp\/v2\/pages\/5092"}],"collection":[{"href":"https:\/\/ztecmedical.com\/es\/wp-json\/wp\/v2\/pages"}],"about":[{"href":"https:\/\/ztecmedical.com\/es\/wp-json\/wp\/v2\/types\/page"}],"author":[{"embeddable":true,"href":"https:\/\/ztecmedical.com\/es\/wp-json\/wp\/v2\/users\/1"}],"replies":[{"embeddable":true,"href":"https:\/\/ztecmedical.com\/es\/wp-json\/wp\/v2\/comments?post=5092"}],"version-history":[{"count":3,"href":"https:\/\/ztecmedical.com\/es\/wp-json\/wp\/v2\/pages\/5092\/revisions"}],"predecessor-version":[{"id":5786,"href":"https:\/\/ztecmedical.com\/es\/wp-json\/wp\/v2\/pages\/5092\/revisions\/5786"}],"wp:attachment":[{"href":"https:\/\/ztecmedical.com\/es\/wp-json\/wp\/v2\/media?parent=5092"}],"curies":[{"name":"wp","href":"https:\/\/api.w.org\/{rel}","templated":true}]}}