{"id":5174,"date":"2020-09-27T06:27:00","date_gmt":"2020-09-27T06:27:00","guid":{"rendered":"http:\/\/ztecmedical.com\/?page_id=5174"},"modified":"2020-12-16T21:19:41","modified_gmt":"2020-12-16T21:19:41","slug":"about-us","status":"publish","type":"page","link":"https:\/\/ztecmedical.com\/es\/about-us\/","title":{"rendered":"Quienes somos"},"content":{"rendered":"<section class=\"l-section wpb_row height_medium width_full with_img with_overlay aboutrow\"><div class=\"l-section-img\" style=\"background-image: url(https:\/\/ztecmedical.com\/wp-content\/uploads\/2016\/09\/ztec-team.jpg);\" data-img-width=\"1678\" data-img-height=\"1119\"><\/div><div class=\"l-section-overlay\" style=\"background-color: rgba(0,0,0,0.01)\"><\/div><div class=\"l-section-h i-cf\"><div class=\"g-cols offset_small\"><div class=\"vc_col-sm-3 wpb_column vc_column_container\"><div class=\"vc_column-inner\"><div class=\"w-separator type_invisible size_medium thick_1 style_solid color_border cont_none\"><span class=\"w-separator-h\"><\/span><\/div><\/div><\/div><div class=\"vc_col-sm-6 wpb_column vc_column_container\"><div class=\"vc_column-inner\">[vc_custom_heading text=\u00bbCreando un<br \/>\n<b> futuro m\u00e1s saludable para todos<\/b>\u00bb font_container=\u00bbtag:h1|font_size:55px|text_align:left|color:%23ffffff\u00bb google_fonts=\u00bbfont_family:Open%20Sans%3A300%2C300italic%2Cregular%2Citalic%2C600%2C600italic%2C700%2C700italic%2C800%2C800italic|font_style:400%20regular%3A400%3Anormal\u00bb el_class=\u00bbabout-text\u00bb css=\u00bb.vc_custom_1509060277342{padding-top: 100px !important;}\u00bb]<\/div><\/div><div class=\"vc_col-sm-3 wpb_column vc_column_container\"><div class=\"vc_column-inner\"><\/div><\/div><\/div><\/div><\/section><section class=\"l-section wpb_row height_medium\"><div class=\"l-section-h i-cf\"><div class=\"g-cols offset_small\"><div class=\"vc_col-sm-8 wpb_column vc_column_container\"><div class=\"vc_column-inner\"><div class=\"wpb_text_column \"><div class=\"wpb_wrapper\"><p>Nuestro equipo de ingenieros experimentados \u2013 todos con diferentes trasfondos, incluyendo ingenieros biom\u00e9dicos certificados y t\u00e9cnicos calificados \u2013 est\u00e1n trabajando arduamente para convertir a \u00aeZTEC Medical Exportaci\u00f3n &amp; Importaci\u00f3n en uno de los l\u00edderes en innovaci\u00f3n global de soluciones m\u00e9dicas. Nuestros servicios, productos y tecnolog\u00edas son utilizados para diagnosticar o tratar una amplia gama de condiciones m\u00e9dicas, incluyendo cardiacas, digestivas, pulmonares, vasculares, urol\u00f3gicas, de la mujer, condiciones de dolor cr\u00f3nico, odontol\u00f3gicas, equipos de cirug\u00eda pl\u00e1stica y servicios m\u00e9dicos.<\/p>\n<p>Continuamos innovando en estas \u00e1reas y nos estamos expandiendo hacia nuevas geograf\u00edas y mercados adyacentes de alto crecimiento.<\/p><\/div> <\/div> <\/div><\/div><div class=\"vc_col-sm-4 wpb_column vc_column_container\"><div class=\"vc_column-inner\"><div class=\"w-image \"><img width=\"600\" height=\"400\" src=\"https:\/\/ztecmedical.com\/wp-content\/uploads\/2016\/09\/ztec-Care-Responsibilit-600x400.jpg\" class=\"attachment-tnail-masonry size-tnail-masonry\" alt=\"ztec-care-responsibilit\" decoding=\"async\" loading=\"lazy\" srcset=\"https:\/\/ztecmedical.com\/wp-content\/uploads\/2016\/09\/ztec-Care-Responsibilit-600x400.jpg 600w, https:\/\/ztecmedical.com\/wp-content\/uploads\/2016\/09\/ztec-Care-Responsibilit-300x200.jpg 300w, https:\/\/ztecmedical.com\/wp-content\/uploads\/2016\/09\/ztec-Care-Responsibilit-768x512.jpg 768w, https:\/\/ztecmedical.com\/wp-content\/uploads\/2016\/09\/ztec-Care-Responsibilit.jpg 1024w\" sizes=\"(max-width: 600px) 100vw, 600px\" \/><\/div><\/div><\/div><\/div><\/div><\/section><section class=\"l-section wpb_row height_small\"><div class=\"l-section-h i-cf\"><div class=\"g-cols offset_small\"><div class=\"vc_col-sm-12 wpb_column vc_column_container\"><div class=\"vc_column-inner\"><div class=\"g-cols wpb_row offset_small vc_inner \"><div class=\"vc_col-sm-4 wpb_column vc_column_container\"><div class=\"vc_column-inner\"><div class=\"w-image  align_center\"><img width=\"1000\" height=\"1000\" src=\"https:\/\/ztecmedical.com\/wp-content\/uploads\/2016\/09\/ztec-parent-doctor-with-child-1.jpg\" class=\"attachment-large size-large\" alt=\"ztec-parent-doctor-with-child\" decoding=\"async\" loading=\"lazy\" srcset=\"https:\/\/ztecmedical.com\/wp-content\/uploads\/2016\/09\/ztec-parent-doctor-with-child-1.jpg 1000w, https:\/\/ztecmedical.com\/wp-content\/uploads\/2016\/09\/ztec-parent-doctor-with-child-1-150x150.jpg 150w, https:\/\/ztecmedical.com\/wp-content\/uploads\/2016\/09\/ztec-parent-doctor-with-child-1-300x300.jpg 300w, https:\/\/ztecmedical.com\/wp-content\/uploads\/2016\/09\/ztec-parent-doctor-with-child-1-768x768.jpg 768w, https:\/\/ztecmedical.com\/wp-content\/uploads\/2016\/09\/ztec-parent-doctor-with-child-1-350x350.jpg 350w, https:\/\/ztecmedical.com\/wp-content\/uploads\/2016\/09\/ztec-parent-doctor-with-child-1-600x600.jpg 600w\" sizes=\"(max-width: 1000px) 100vw, 1000px\" \/><\/div><\/div><\/div><div class=\"vc_col-sm-8 wpb_column vc_column_container\"><div class=\"vc_column-inner\"><div class=\"wpb_text_column \"><div class=\"wpb_wrapper\">\n<h2 style=\"text-align: left;\"><strong>Construyendo un futuro m\u00e1s saludable<\/strong><\/h2>\n<\/div> <\/div> <div class=\"w-separator type_invisible size_medium thick_1 style_solid color_border cont_none\"><span class=\"w-separator-h\"><\/span><\/div><div class=\"wpb_text_column \"><div class=\"wpb_wrapper\"><p>\u00aeZTEC Medical es una empresa de tecnolog\u00eda diversa enfocada en mejorar la calidad de vida de las personas a trav\u00e9s de una innovaci\u00f3n significativa. Nos esforzamos en crear soluciones que superen los desaf\u00edos de los sistemas de salud actuales para que proporcionen un mejor cuidado a las personas a costos menores.<\/p>\n<a onclick=\"wpex_toggle(1758350529, 'Leer m\u00e1s', 'Leer menos'); return false;\" class=\"wpex-link\" id=\"wpexlink1758350529\" href=\"#\">Leer m\u00e1s<\/a><div class=\"wpex_div\" id=\"wpex1758350529\" style=\"display: none;\">\n<p>Nuestro equipo trabaja en todo el mundo y est\u00e1 empe\u00f1ado en ayudar a crear cuidados m\u00e1s significativos, ya sea en el cuarto de hospital, en la sala de estar o incluso en la sala de reuniones. Vea c\u00f3mo estamos trabajando para crear un futuro m\u00e1s saludable juntos.<\/p>\n<p>El cuidado m\u00e9dico no es s\u00f3lo la tecnolog\u00eda, raz\u00f3n por la cual \u00aeZTEC Medical tambi\u00e9n analiza las experiencias de los pacientes, doctores, proveedores y cuidadores durante la estad\u00eda del paciente. Gracias a nuestra experiencia y entendimiento, podemos dise\u00f1ar las mejores soluciones para el cuidado con la ayuda de nuestros excelentes conocimientos y uso de la tecnolog\u00eda.<\/p>\n<p>Al hacer esto, nuestra empresa innovadora espera transformar la forma en la que las personas experimentan el cuidado. Este enfoque novedoso nos ayudar\u00e1 a crear un futuro m\u00e1s saludable para todos.<\/p>\n<\/div><\/div> <\/div> <\/div><\/div><\/div><\/div><\/div><\/div><\/div><\/section><section class=\"l-section wpb_row height_medium\"><div class=\"l-section-h i-cf\"><div class=\"g-cols offset_small\"><div class=\"vc_col-sm-8 wpb_column vc_column_container\"><div class=\"vc_column-inner\"><div class=\"wpb_text_column \"><div class=\"wpb_wrapper\">\n<h2 style=\"text-align: left;\"><strong>La \u00e9tica es importante<\/strong><\/h2>\n<\/div> <\/div> <div class=\"w-separator type_invisible size_medium thick_1 style_solid color_border cont_none\"><span class=\"w-separator-h\"><\/span><\/div><div class=\"wpb_text_column \"><div class=\"wpb_wrapper\"><p>Utilizamos servicios y tecnolog\u00edas innovadores para tener el m\u00e1s alto nivel en la excelencia cl\u00ednica. Nosotros, como una empresa m\u00e9dica, estamos comprometidos en cumplir nuestras obligaciones y deberes \u00e9ticos.<\/p><\/div> <\/div> <\/div><\/div><div class=\"vc_col-sm-4 wpb_column vc_column_container\"><div class=\"vc_column-inner\"><div class=\"w-image \"><img width=\"1000\" height=\"667\" src=\"https:\/\/ztecmedical.com\/wp-content\/uploads\/2016\/09\/ztec-teamwork-analysis-.jpg\" class=\"attachment-large size-large\" alt=\"ztec-teamwork-analysis\" decoding=\"async\" loading=\"lazy\" srcset=\"https:\/\/ztecmedical.com\/wp-content\/uploads\/2016\/09\/ztec-teamwork-analysis-.jpg 1000w, https:\/\/ztecmedical.com\/wp-content\/uploads\/2016\/09\/ztec-teamwork-analysis--300x200.jpg 300w, https:\/\/ztecmedical.com\/wp-content\/uploads\/2016\/09\/ztec-teamwork-analysis--768x512.jpg 768w, https:\/\/ztecmedical.com\/wp-content\/uploads\/2016\/09\/ztec-teamwork-analysis--600x400.jpg 600w\" sizes=\"(max-width: 1000px) 100vw, 1000px\" \/><\/div><\/div><\/div><\/div><\/div><\/section><!-- Row Backgrounds --><div class=\"upb_color\" data-bg-override=\"0\" data-bg-color=\"#d9edf6\" data-fadeout=\"\" data-fadeout-percentage=\"30\" data-parallax-content=\"\" data-parallax-content-sense=\"30\" data-row-effect-mobile-disable=\"true\" data-img-parallax-mobile-disable=\"true\" data-rtl=\"false\"  data-custom-vc-row=\"\"  data-vc=\"5.2\"  data-is_old_vc=\"\"  data-theme-support=\"\"   data-overlay=\"false\" data-overlay-color=\"\" data-overlay-pattern=\"\" data-overlay-pattern-opacity=\"\" data-overlay-pattern-size=\"\"    ><\/div><section class=\"l-section wpb_row height_medium\" id=\"ourhistory\"><div class=\"l-section-h i-cf\"><div class=\"g-cols offset_small\"><div class=\"vc_col-sm-4 wpb_column vc_column_container\"><div class=\"vc_column-inner\"><div class=\"w-image \"><img width=\"1024\" height=\"576\" src=\"https:\/\/ztecmedical.com\/wp-content\/uploads\/2016\/09\/ztec-about-us-chalenge--1024x576.jpg\" class=\"attachment-large size-large\" alt=\"ztec-about-us-chalenge\" decoding=\"async\" loading=\"lazy\" srcset=\"https:\/\/ztecmedical.com\/wp-content\/uploads\/2016\/09\/ztec-about-us-chalenge--1024x576.jpg 1024w, https:\/\/ztecmedical.com\/wp-content\/uploads\/2016\/09\/ztec-about-us-chalenge--300x169.jpg 300w, https:\/\/ztecmedical.com\/wp-content\/uploads\/2016\/09\/ztec-about-us-chalenge--768x432.jpg 768w, https:\/\/ztecmedical.com\/wp-content\/uploads\/2016\/09\/ztec-about-us-chalenge--600x338.jpg 600w, https:\/\/ztecmedical.com\/wp-content\/uploads\/2016\/09\/ztec-about-us-chalenge-.jpg 1200w\" sizes=\"(max-width: 1024px) 100vw, 1024px\" \/><\/div><\/div><\/div><div class=\"vc_col-sm-8 wpb_column vc_column_container\"><div class=\"vc_column-inner\"><div class=\"wpb_text_column \"><div class=\"wpb_wrapper\">\n<h2 style=\"text-align: left;\"><strong>Nuestra historia y valores fundamentales<\/strong><\/h2>\n<\/div> <\/div> <div class=\"w-separator type_invisible size_medium thick_1 style_solid color_border cont_none\"><span class=\"w-separator-h\"><\/span><\/div><div class=\"wpb_text_column \"><div class=\"wpb_wrapper\"><p>Nuestro viaje de innovaci\u00f3n comenz\u00f3 en el 2003, cuando nuestro visionario decidi\u00f3 esforzarse para mejorar el bienestar de los sistemas de salud tanto individuales como familiares en Brasil. Hoy en d\u00eda, continuamos construyendo nuestro legado al proporcionar las m\u00e1s recientes formas innovadoras para tratar pacientes de todo el mundo de manera \u00e9tica.<\/p><\/div> <\/div> <\/div><\/div><\/div><\/div><\/section><section class=\"l-section wpb_row height_medium\"><div class=\"l-section-h i-cf\"><div class=\"g-cols offset_small\"><div class=\"vc_col-sm-12 wpb_column vc_column_container\"><div class=\"vc_column-inner\"><div class=\"wpb_text_column \"><div class=\"wpb_wrapper\"><span style=\"font-size: large; color: #ffffff;\">Todav\u00eda existimos bajo los mismos valores fundamentales:<\/span><\/div> <\/div> <div class=\"w-separator type_invisible size_small thick_1 style_solid color_border cont_none\"><span class=\"w-separator-h\"><\/span><\/div><div class=\"g-cols wpb_row offset_small vc_inner \"><div class=\"vc_col-sm-4 wpb_column vc_column_container\"><div class=\"vc_column-inner\"><div class=\"w-iconbox iconpos_top size_huge style_default color_primary icontype_img\"><div class=\"w-iconbox-icon\"><img src=\"https:\/\/ztecmedical.com\/wp-content\/uploads\/2016\/09\/ztec-about-us-child-.jpg\" width=\"475\" height=\"257\" alt=\"Salud innovadora\" \/><\/div><h4 class=\"w-iconbox-title\">Salud innovadora<\/h4><div class=\"w-iconbox-text\">Nuestros equipos est\u00e1n constantemente pensando en maneras creativas para transformar nuestras ideas en una realidad que beneficiar\u00e1 a todos en el cuidado de la salud.<\/div><\/div><\/div><\/div><div class=\"vc_col-sm-4 wpb_column vc_column_container\"><div class=\"vc_column-inner\"><div class=\"w-iconbox iconpos_top size_huge style_default color_primary icontype_img\"><div class=\"w-iconbox-icon\"><img src=\"https:\/\/ztecmedical.com\/wp-content\/uploads\/2016\/09\/ztec-about-improve-.jpg\" width=\"600\" height=\"347\" alt=\"Mejorando nuestro desempe\u00f1o\" \/><\/div><h4 class=\"w-iconbox-title\">Mejorando nuestro desempe\u00f1o<\/h4><div class=\"w-iconbox-text\">Siempre trabajaremos duro para beneficiar a todos nuestros clientes.<\/div><\/div><\/div><\/div><div class=\"vc_col-sm-4 wpb_column vc_column_container\"><div class=\"vc_column-inner\"><div class=\"w-iconbox iconpos_top size_huge style_default color_primary icontype_img\"><div class=\"w-iconbox-icon\"><img src=\"https:\/\/ztecmedical.com\/wp-content\/uploads\/2016\/09\/ztec-at-sustainable-world-.jpg\" width=\"1000\" height=\"667\" alt=\"Colaborando en todo el mundo\" \/><\/div><h4 class=\"w-iconbox-title\">Colaborando en todo el mundo<\/h4><div class=\"w-iconbox-text\">Queremos crear oportunidades en todo el mundo para aumentar el alcance de nuestras soluciones m\u00e9dicas.<\/div><\/div><\/div><\/div><\/div><div class=\"w-separator type_invisible size_small thick_1 style_solid color_border cont_none\"><span class=\"w-separator-h\"><\/span><\/div><div class=\"g-cols wpb_row offset_small vc_inner \"><div class=\"vc_col-sm-4 wpb_column vc_column_container\"><div class=\"vc_column-inner\"><div class=\"w-iconbox iconpos_top size_huge style_default color_primary icontype_img\"><div class=\"w-iconbox-icon\"><img src=\"https:\/\/ztecmedical.com\/wp-content\/uploads\/2016\/09\/ztec-about-us-manager-.jpg\" width=\"700\" height=\"467\" alt=\"Oportunidades equitativas\" \/><\/div><h4 class=\"w-iconbox-title\">Oportunidades equitativas<\/h4><div class=\"w-iconbox-text\">Creamos oportunidades iguales para todos, pues queremos apoyar talentos brillantes.<\/div><\/div><\/div><\/div><div class=\"vc_col-sm-4 wpb_column vc_column_container\"><div class=\"vc_column-inner\"><div class=\"w-iconbox iconpos_top size_huge style_default color_primary icontype_img\"><div class=\"w-iconbox-icon\"><img src=\"https:\/\/ztecmedical.com\/wp-content\/uploads\/2016\/09\/ztec-about-us-positive-.jpg\" width=\"600\" height=\"520\" alt=\"Optimismo\" \/><\/div><h4 class=\"w-iconbox-title\">Optimismo<\/h4><div class=\"w-iconbox-text\">Reaccionamos a los cambios dentro del mundo de la salud con una actitud optimista para seguir mejorando el cuidado de los pacientes.<\/div><\/div><\/div><\/div><div class=\"vc_col-sm-4 wpb_column vc_column_container\"><div class=\"vc_column-inner\"><div class=\"w-iconbox iconpos_top size_huge style_default color_primary icontype_img\"><div class=\"w-iconbox-icon\"><img src=\"https:\/\/ztecmedical.com\/wp-content\/uploads\/2016\/09\/ztec-sustainable-world-.jpg\" width=\"424\" height=\"283\" alt=\"Sustentabilidad\" \/><\/div><h4 class=\"w-iconbox-title\">Sustentabilidad<\/h4><div class=\"w-iconbox-text\">\u00abActuando hoy para proteger el futuro\u00bb<br \/>\nA partir de nuestros productos y servicios hacia nuestras personas, estamos comprometidos en poner el ejemplo a trav\u00e9s de nuestros programas tanto ambiental como socialmente responsables.<br \/>\n<\/div><\/div><\/div><\/div><\/div><\/div><\/div><\/div><\/div><\/section><!-- Row Backgrounds --><div class=\"upb_color\" data-bg-override=\"0\" data-bg-color=\"#1370a9\" data-fadeout=\"\" data-fadeout-percentage=\"30\" data-parallax-content=\"\" data-parallax-content-sense=\"30\" data-row-effect-mobile-disable=\"true\" data-img-parallax-mobile-disable=\"true\" data-rtl=\"false\"  data-custom-vc-row=\"\"  data-vc=\"5.2\"  data-is_old_vc=\"\"  data-theme-support=\"\"   data-overlay=\"false\" data-overlay-color=\"\" data-overlay-pattern=\"\" data-overlay-pattern-opacity=\"\" data-overlay-pattern-size=\"\"    ><\/div>","protected":false},"excerpt":{"rendered":"[vc_custom_heading text=\"Creando un futuro m\u00e1s saludable para todos\" font_container=\"tag:h1|font_size:55px|text_align:left|color:%23ffffff\" google_fonts=\"font_family:Open%20Sans%3A300%2C300italic%2Cregular%2Citalic%2C600%2C600italic%2C700%2C700italic%2C800%2C800italic|font_style:400%20regular%3A400%3Anormal\" el_class=\"about-text\" css=\".vc_custom_1509060277342{padding-top: 100px !important;}\"]Nuestro equipo de ingenieros experimentados \u2013 todos con diferentes trasfondos, incluyendo ingenieros biom\u00e9dicos certificados y t\u00e9cnicos calificados...","protected":false},"author":1,"featured_media":0,"parent":0,"menu_order":0,"comment_status":"closed","ping_status":"closed","template":"","meta":[],"yoast_head":"<!-- This site is optimized with the Yoast SEO plugin v15.5 - https:\/\/yoast.com\/wordpress\/plugins\/seo\/ -->\n<meta name=\"description\" content=\"About Us | ZTEC Medical | Our team of experienced engineers with a different background including certified Biomedical Engineers and qualified Technicians\" \/>\n<meta name=\"robots\" content=\"index, follow, max-snippet:-1, max-image-preview:large, max-video-preview:-1\" \/>\n<link rel=\"canonical\" href=\"https:\/\/ztecmedical.com\/about-us\/\" \/>\n<meta property=\"og:locale\" content=\"es_ES\" \/>\n<meta property=\"og:type\" content=\"article\" \/>\n<meta property=\"og:title\" content=\"About Us | ZTEC Medical Export &amp; Import a leading global innovator\" \/>\n<meta property=\"og:description\" content=\"About Us | ZTEC Medical | Our team of experienced engineers with a different background including certified Biomedical Engineers and qualified Technicians\" \/>\n<meta property=\"og:url\" content=\"https:\/\/ztecmedical.com\/about-us\/\" \/>\n<meta property=\"og:site_name\" content=\"ZTEC MEDICAL\" \/>\n<meta property=\"article:modified_time\" content=\"2020-12-16T21:19:41+00:00\" \/>\n<meta name=\"twitter:card\" content=\"summary\" \/>\n<meta name=\"twitter:label1\" content=\"Tiempo de lectura\">\n\t<meta name=\"twitter:data1\" content=\"11 minutos\">\n<script type=\"application\/ld+json\" class=\"yoast-schema-graph\">{\"@context\":\"https:\/\/schema.org\",\"@graph\":[{\"@type\":\"WebSite\",\"@id\":\"https:\/\/ztecmedical.com\/#website\",\"url\":\"https:\/\/ztecmedical.com\/\",\"name\":\"ZTEC MEDICAL\",\"description\":\"Medical Equipment Export, Medical Devices\",\"potentialAction\":[{\"@type\":\"SearchAction\",\"target\":\"https:\/\/ztecmedical.com\/?s={search_term_string}\",\"query-input\":\"required name=search_term_string\"}],\"inLanguage\":\"es\"},{\"@type\":\"WebPage\",\"@id\":\"https:\/\/ztecmedical.com\/about-us\/#webpage\",\"url\":\"https:\/\/ztecmedical.com\/about-us\/\",\"name\":\"About Us | ZTEC Medical Export & Import a leading global innovator\",\"isPartOf\":{\"@id\":\"https:\/\/ztecmedical.com\/#website\"},\"datePublished\":\"2020-09-27T06:27:00+00:00\",\"dateModified\":\"2020-12-16T21:19:41+00:00\",\"description\":\"About Us | ZTEC Medical | Our team of experienced engineers with a different background including certified Biomedical Engineers and qualified Technicians\",\"inLanguage\":\"es\",\"potentialAction\":[{\"@type\":\"ReadAction\",\"target\":[\"https:\/\/ztecmedical.com\/about-us\/\"]}]}]}<\/script>\n<!-- \/ Yoast SEO plugin. -->","_links":{"self":[{"href":"https:\/\/ztecmedical.com\/es\/wp-json\/wp\/v2\/pages\/5174"}],"collection":[{"href":"https:\/\/ztecmedical.com\/es\/wp-json\/wp\/v2\/pages"}],"about":[{"href":"https:\/\/ztecmedical.com\/es\/wp-json\/wp\/v2\/types\/page"}],"author":[{"embeddable":true,"href":"https:\/\/ztecmedical.com\/es\/wp-json\/wp\/v2\/users\/1"}],"replies":[{"embeddable":true,"href":"https:\/\/ztecmedical.com\/es\/wp-json\/wp\/v2\/comments?post=5174"}],"version-history":[{"count":4,"href":"https:\/\/ztecmedical.com\/es\/wp-json\/wp\/v2\/pages\/5174\/revisions"}],"predecessor-version":[{"id":5871,"href":"https:\/\/ztecmedical.com\/es\/wp-json\/wp\/v2\/pages\/5174\/revisions\/5871"}],"wp:attachment":[{"href":"https:\/\/ztecmedical.com\/es\/wp-json\/wp\/v2\/media?parent=5174"}],"curies":[{"name":"wp","href":"https:\/\/api.w.org\/{rel}","templated":true}]}}