{"id":5090,"date":"2020-09-26T10:06:16","date_gmt":"2020-09-26T10:06:16","guid":{"rendered":"http:\/\/ztecmedical.com\/?page_id=5090"},"modified":"2020-12-16T21:22:20","modified_gmt":"2020-12-16T21:22:20","slug":"our-mission","status":"publish","type":"page","link":"https:\/\/ztecmedical.com\/pt\/our-mission\/","title":{"rendered":"Nossa miss\u00e3o"},"content":{"rendered":"<section class=\"l-section wpb_row height_medium width_full with_img with_overlay aboutrow\"><div class=\"l-section-img\" style=\"background-image: url(https:\/\/ztecmedical.com\/wp-content\/uploads\/2016\/09\/ztec-mission-2.jpg);\" data-img-width=\"1024\" data-img-height=\"682\"><\/div><div class=\"l-section-overlay\" style=\"background-color: rgba(0,0,0,0.01)\"><\/div><div class=\"l-section-h i-cf\"><div class=\"g-cols offset_small\"><div class=\"vc_col-sm-3 wpb_column vc_column_container\"><div class=\"vc_column-inner\"><div class=\"w-separator type_invisible size_medium thick_1 style_solid color_border cont_none\"><span class=\"w-separator-h\"><\/span><\/div><\/div><\/div><div class=\"vc_col-sm-6 wpb_column vc_column_container  vc_custom_1482298113795\"><div class=\"vc_column-inner\">[vc_custom_heading text=&#8221;Abordando as complexidades de Cuidados de sa\u00fade hoje e<b> no futuro<\/b>&#8221; font_container=&#8221;tag:h1|font_size:55px|text_align:left|color:%23ffffff&#8221; google_fonts=&#8221;font_family:Open%20Sans%3A300%2C300italic%2Cregular%2Citalic%2C600%2C600italic%2C700%2C700italic%2C800%2C800italic|font_style:400%20regular%3A400%3Anormal&#8221; el_class=&#8221;about-text&#8221;]<\/div><\/div><div class=\"vc_col-sm-3 wpb_column vc_column_container\"><div class=\"vc_column-inner\"><\/div><\/div><\/div><\/div><\/section><section class=\"l-section wpb_row height_medium\"><div class=\"l-section-h i-cf\"><div class=\"g-cols offset_small\"><div class=\"vc_col-sm-12 wpb_column vc_column_container\"><div class=\"vc_column-inner\"><div class=\"wpb_text_column \"><div class=\"wpb_wrapper\">\n<h4 style=\"text-align: center;\">A ZTEC Medical \u00e9 uma empresa de tecnologia diversificada, focada na melhoria da vida das pessoas atrav\u00e9s de uma inova\u00e7\u00e3o substancial.<\/h4>\n<\/div> <\/div> <\/div><\/div><\/div><\/div><\/section><section class=\"l-section wpb_row height_auto width_full\"><div class=\"l-section-h i-cf\"><div class=\"g-cols offset_small\"><div class=\"vc_col-sm-6 wpb_column vc_column_container\"><div class=\"vc_column-inner\"><div class=\"g-cols wpb_row offset_small vc_inner  vc_custom_1483768577229\"><div class=\"vc_col-sm-12 wpb_column vc_column_container\"><div class=\"vc_column-inner\"><div class=\"wpb_text_column \"><div class=\"wpb_wrapper\">\n<h2><b>Criando inova\u00e7\u00f5es que realmente importam<\/b><\/h2>\n<p>Acreditamos que podemos trazer novas solu\u00e7\u00f5es para o sistema de sa\u00fade<br \/>\nDesde ultrassom acess\u00edvel para pa\u00edses em desenvolvimento, a uma plataforma de sa\u00fade digital que coleta e analisa em tempo real as informa\u00e7\u00f5es de sa\u00fade dos pacientes, atrav\u00e9s de nossa abordagem \u00e0 inova\u00e7\u00e3o, sempre nos esfor\u00e7amos para melhorar e criar o mundo de forma mais igualit\u00e1ria.<\/p>\n<a onclick=\"wpex_toggle(2046439785, 'Ler mais', 'Ler menos'); return false;\" class=\"wpex-link\" id=\"wpexlink2046439785\" href=\"#\">Ler mais<\/a><div class=\"wpex_div\" id=\"wpex2046439785\" style=\"display: none;\">\nSaber onde est\u00e3o as diferen\u00e7as, os desafios e as novas tecnologias que afetam a capacidade de criar servi\u00e7os de cuidados de alta qualidade.<\/p>\n<p>A combina\u00e7\u00e3o de nossa experi\u00eancia original, profissionais, parceiros, provedores e pacientes, nos esfor\u00e7a para ser uma empresa sustent\u00e1vel de classe mundial, conduzindo nossos neg\u00f3cios de forma socialmente respons\u00e1vel.<\/p>\n<\/div><\/div> <\/div> <\/div><\/div><\/div><\/div><\/div><div class=\"vc_col-sm-6 wpb_column vc_column_container\"><div class=\"vc_column-inner\"><div class=\"w-image  align_right\"><img width=\"1024\" height=\"682\" src=\"https:\/\/ztecmedical.com\/wp-content\/uploads\/2016\/11\/ztec-research--1024x682.jpg\" class=\"attachment-large size-large\" alt=\"Woman Receiving a medical Scan for Breast Cancer Diagnosis\" decoding=\"async\" loading=\"lazy\" srcset=\"https:\/\/ztecmedical.com\/wp-content\/uploads\/2016\/11\/ztec-research--1024x682.jpg 1024w, https:\/\/ztecmedical.com\/wp-content\/uploads\/2016\/11\/ztec-research--300x200.jpg 300w, https:\/\/ztecmedical.com\/wp-content\/uploads\/2016\/11\/ztec-research--768x512.jpg 768w, https:\/\/ztecmedical.com\/wp-content\/uploads\/2016\/11\/ztec-research--600x400.jpg 600w, https:\/\/ztecmedical.com\/wp-content\/uploads\/2016\/11\/ztec-research-.jpg 1100w\" sizes=\"(max-width: 1024px) 100vw, 1024px\" \/><\/div><\/div><\/div><\/div><\/div><\/section><!-- Row Backgrounds --><div class=\"upb_color\" data-bg-override=\"0\" data-bg-color=\"#d9edf6\" data-fadeout=\"\" data-fadeout-percentage=\"30\" data-parallax-content=\"\" data-parallax-content-sense=\"30\" data-row-effect-mobile-disable=\"true\" data-img-parallax-mobile-disable=\"true\" data-rtl=\"false\"  data-custom-vc-row=\"\"  data-vc=\"5.2\"  data-is_old_vc=\"\"  data-theme-support=\"\"   data-overlay=\"false\" data-overlay-color=\"\" data-overlay-pattern=\"\" data-overlay-pattern-opacity=\"\" data-overlay-pattern-size=\"\"    ><\/div><section class=\"l-section wpb_row height_medium with_img with_overlay our-mission\"><div class=\"l-section-img\" style=\"background-image: url(https:\/\/ztecmedical.com\/wp-content\/uploads\/2016\/09\/ztec-mission-.jpg);\" data-img-width=\"750\" data-img-height=\"563\"><\/div><div class=\"l-section-overlay\" style=\"background-color: rgba(2,2,2,0.22)\"><\/div><div class=\"l-section-h i-cf\"><div class=\"g-cols offset_small\"><div class=\"vc_col-sm-3 wpb_column vc_column_container\"><div class=\"vc_column-inner\"><div class=\"w-separator type_invisible size_medium thick_1 style_solid color_border cont_none\"><span class=\"w-separator-h\"><\/span><\/div><\/div><\/div><div class=\"vc_col-sm-6 wpb_column vc_column_container\"><div class=\"vc_column-inner\"><div class=\"wpb_text_column \"><div class=\"wpb_wrapper\">\n<h2><span style=\"color: #ffffff;\"><strong>Focando em melhorar a vida das pessoas<\/strong><\/span><\/h2>\n<p><span style=\"color: #ffffff; font-size: 16px;\">Estamos empenhados em enfrentar os desafios atuais nos cuidados de sa\u00fade, criando solu\u00e7\u00f5es que fornecem atendimento de qualidade a mais pessoas com custos mais baixos.<br \/>\n<\/span><\/p>\n<p><span style=\"color: #ffffff; font-size: 16px;\">Oferecendo servi\u00e7os premium e equipamentos cir\u00fargicos e m\u00e9dicos em todo o mundo que n\u00e3o s\u00f3 fornece aos profissionais m\u00e9dicos a confiabilidade e os recursos necess\u00e1rios, mas tudo dentro do seu or\u00e7amento.<\/span><\/div> <\/div> <\/div><\/div><div class=\"vc_col-sm-3 wpb_column vc_column_container\"><div class=\"vc_column-inner\"><div class=\"w-separator type_invisible size_medium thick_1 style_solid color_border cont_none\"><span class=\"w-separator-h\"><\/span><\/div><\/div><\/div><\/div><\/div><\/section><section class=\"l-section wpb_row height_medium\"><div class=\"l-section-h i-cf\"><div class=\"g-cols offset_small\"><div class=\"vc_col-sm-8 wpb_column vc_column_container\"><div class=\"vc_column-inner\"><div class=\"wpb_text_column \"><div class=\"wpb_wrapper\">\n<h2><strong>Com um parceiro estrat\u00e9gico empenhado em melhorar o atendimento ao paciente atrav\u00e9s de inova\u00e7\u00e3o significativa, \u00e9 o diferencial chave para os sistemas de sa\u00fade<\/strong><\/h2>\n<p>Nosso foco \u00e9 fornecer um processo de compra simples, f\u00e1cil e eficiente com um ponto de contato para todas as principais salas de opera\u00e7\u00e3o e equipamentos cir\u00fargicos, todos de um fornecedor.<\/div> <\/div> <\/div><\/div><div class=\"vc_col-sm-4 wpb_column vc_column_container\"><div class=\"vc_column-inner\"><div class=\"w-image \"><img width=\"1024\" height=\"685\" src=\"https:\/\/ztecmedical.com\/wp-content\/uploads\/2016\/09\/ztec-african-parent-1-1024x685.jpg\" class=\"attachment-large size-large\" alt=\"african parent\" decoding=\"async\" loading=\"lazy\" srcset=\"https:\/\/ztecmedical.com\/wp-content\/uploads\/2016\/09\/ztec-african-parent-1-1024x685.jpg 1024w, https:\/\/ztecmedical.com\/wp-content\/uploads\/2016\/09\/ztec-african-parent-1-300x201.jpg 300w, https:\/\/ztecmedical.com\/wp-content\/uploads\/2016\/09\/ztec-african-parent-1-768x514.jpg 768w, https:\/\/ztecmedical.com\/wp-content\/uploads\/2016\/09\/ztec-african-parent-1-600x400.jpg 600w, https:\/\/ztecmedical.com\/wp-content\/uploads\/2016\/09\/ztec-african-parent-1.jpg 1920w\" sizes=\"(max-width: 1024px) 100vw, 1024px\" \/><\/div><\/div><\/div><\/div><\/div><\/section><section class=\"l-section wpb_row height_medium with_img with_overlay our-mission\"><div class=\"l-section-img\" style=\"background-image: url(https:\/\/ztecmedical.com\/wp-content\/uploads\/2016\/09\/ztec-missions.jpg);\" data-img-width=\"1200\" data-img-height=\"600\"><\/div><div class=\"l-section-overlay\" style=\"background-color: rgba(2,2,2,0.41)\"><\/div><div class=\"l-section-h i-cf\"><div class=\"g-cols offset_small\"><div class=\"vc_col-sm-8 wpb_column vc_column_container\"><div class=\"vc_column-inner\"><div class=\"wpb_text_column \"><div class=\"wpb_wrapper\">\n<h2><span style=\"color: #ffffff; text-shadow: 2px 2px #323232;\">Fornecendo solu\u00e7\u00f5es de sa\u00fade e trazendo transforma\u00e7\u00f5es em cuidados para pacientes<\/span><\/h2>\n<p style=\"text-align: left; font-size: 16px; text-shadow: 2px 2px #323232;\"><span style=\"color: #ffffff;\">N\u00f3s, na \u00aeZTEC Medical, esperamos que isso ofere\u00e7a um processo de compra ou exporta\u00e7\u00e3o mais agrad\u00e1vel para nossos clientes e fornecedores, enquanto ainda fornece dispositivos, solu\u00e7\u00f5es e servi\u00e7os de sa\u00fade de alta qualidade aos pacientes.<\/span><\/p>\n<p style=\"text-align: left; font-size: 16px; text-shadow: 2px 2px #323232;\"><span style=\"color: #ffffff;\">Estamos dedicados a ser uma empresa de desenvolvimento sustent\u00e1vel de classe mundial, conduzindo nossos neg\u00f3cios de forma ambientalmente e socialmente respons\u00e1vel.<\/span><\/p>\n<\/div> <\/div> <\/div><\/div><div class=\"vc_col-sm-4 wpb_column vc_column_container\"><div class=\"vc_column-inner\"><\/div><\/div><\/div><\/div><\/section><section class=\"l-section wpb_row height_medium\"><div class=\"l-section-h i-cf\"><div class=\"g-cols offset_small\"><div class=\"vc_col-sm-4 wpb_column vc_column_container\"><div class=\"vc_column-inner\"><div class=\"w-image \"><img width=\"760\" height=\"500\" src=\"https:\/\/ztecmedical.com\/wp-content\/uploads\/2016\/09\/ztec-mission-and-ethics.jpg\" class=\"attachment-large size-large\" alt=\"ztec-mission-and-ethics\" decoding=\"async\" loading=\"lazy\" srcset=\"https:\/\/ztecmedical.com\/wp-content\/uploads\/2016\/09\/ztec-mission-and-ethics.jpg 760w, https:\/\/ztecmedical.com\/wp-content\/uploads\/2016\/09\/ztec-mission-and-ethics-300x197.jpg 300w, https:\/\/ztecmedical.com\/wp-content\/uploads\/2016\/09\/ztec-mission-and-ethics-600x395.jpg 600w\" sizes=\"(max-width: 760px) 100vw, 760px\" \/><\/div><\/div><\/div><div class=\"vc_col-sm-8 wpb_column vc_column_container\"><div class=\"vc_column-inner\"><div class=\"wpb_text_column \"><div class=\"wpb_wrapper\">\n<h2><strong>Encorajar a comunidade encorajando os jovens<\/strong><\/h2>\n<p>Encorajamos a comunidade incentivando os jovens a aprender mais sobre diferentes culturas de todo o mundo.<\/p>\n<p>Nossa miss\u00e3o aborda quest\u00f5es, como fome, falta de assist\u00eancia m\u00e9dica e equipamentos m\u00e9dicos que as comunidades pobres enfrentam todos os dias. Acreditamos, ao melhorar seu padr\u00e3o de vida, estamos come\u00e7ando a reduzir a pobreza em sua comunidade.<\/div> <\/div> <\/div><\/div><\/div><\/div><\/section><section class=\"l-section wpb_row height_medium with_img\"><div class=\"l-section-img\" style=\"background-image: url(https:\/\/ztecmedical.com\/wp-content\/uploads\/2016\/09\/ztec-healthcare-mission-africa.jpg);\" data-img-width=\"2000\" data-img-height=\"1000\"><\/div><div class=\"l-section-h i-cf\"><div class=\"g-cols offset_small\"><div class=\"vc_col-sm-8 wpb_column vc_column_container\"><div class=\"vc_column-inner\"><div class=\"w-separator type_invisible size_small thick_1 style_solid color_border cont_none\"><span class=\"w-separator-h\"><\/span><\/div><div class=\"wpb_text_column \"><div class=\"wpb_wrapper\">\n<h2><span style=\"color: #ffffff; text-shadow: 2px 2px #323232;\">Empoderando as comunidades atrav\u00e9s das mulheres<\/span><\/h2>\n<p><span style=\"color: #ffffff; text-shadow: 2px 2px #323232; font-size: 16px;\">Na Ztec Medical, empoderamos as mulheres. Acreditamos que as mulheres t\u00eam habilidades para criar e lutar nas pr\u00f3ximas gera\u00e7\u00f5es. Ao empoderar as mulheres, elas podem criar crian\u00e7as em um ambiente est\u00e1vel e saud\u00e1vel. Portanto, estamos empenhados em ser uma empresa de desenvolvimento de cuidados de sa\u00fade sustent\u00e1vel de classe mundial, ajudando a criar gera\u00e7\u00f5es mais educadas e inspiradas.<\/span><\/div> <\/div> <div class=\"w-separator type_invisible size_medium thick_1 style_solid color_border cont_none\"><span class=\"w-separator-h\"><\/span><\/div><\/div><\/div><div class=\"vc_col-sm-4 wpb_column vc_column_container\"><div class=\"vc_column-inner\"><\/div><\/div><\/div><\/div><\/section><section class=\"l-section wpb_row height_medium\"><div class=\"l-section-h i-cf\"><div class=\"g-cols offset_small\"><div class=\"vc_col-sm-12 wpb_column vc_column_container\"><div class=\"vc_column-inner\"><div class=\"wpb_text_column \"><div class=\"wpb_wrapper\"><span style=\"font-size: large; color: #ffffff;\">N\u00f3s ainda existimos sob os mesmos valores fundamentais:<\/span><\/div> <\/div> <div class=\"w-separator type_invisible size_small thick_1 style_solid color_border cont_none\"><span class=\"w-separator-h\"><\/span><\/div><div class=\"g-cols wpb_row offset_small vc_inner \"><div class=\"vc_col-sm-4 wpb_column vc_column_container\"><div class=\"vc_column-inner\"><div class=\"w-iconbox iconpos_top size_huge style_default color_primary icontype_img\"><div class=\"w-iconbox-icon\"><img src=\"https:\/\/ztecmedical.com\/wp-content\/uploads\/2016\/09\/ztec-about-us-child-.jpg\" width=\"475\" height=\"257\" alt=\"Sa\u00fade inovadora\" \/><\/div><h4 class=\"w-iconbox-title\">Sa\u00fade inovadora<\/h4><div class=\"w-iconbox-text\">Nossas equipes est\u00e3o constantemente pensando de forma criativa para transformar nossas ideias em uma realidade que ir\u00e1 beneficiar todos nos cuidados de sa\u00fade.<\/div><\/div><\/div><\/div><div class=\"vc_col-sm-4 wpb_column vc_column_container\"><div class=\"vc_column-inner\"><div class=\"w-iconbox iconpos_top size_huge style_default color_primary icontype_img\"><div class=\"w-iconbox-icon\"><img src=\"https:\/\/ztecmedical.com\/wp-content\/uploads\/2016\/09\/ztec-about-improve-.jpg\" width=\"600\" height=\"347\" alt=\"Melhorando o Desempenho\" \/><\/div><h4 class=\"w-iconbox-title\">Melhorando o Desempenho<\/h4><div class=\"w-iconbox-text\">N\u00f3s sempre trabalharemos mais para beneficiar todos os nossos clientes.<\/div><\/div><\/div><\/div><div class=\"vc_col-sm-4 wpb_column vc_column_container\"><div class=\"vc_column-inner\"><div class=\"w-iconbox iconpos_top size_huge style_default color_primary icontype_img\"><div class=\"w-iconbox-icon\"><img src=\"https:\/\/ztecmedical.com\/wp-content\/uploads\/2016\/09\/ztec-at-sustainable-world-.jpg\" width=\"1000\" height=\"667\" alt=\"Colaborando em todo o mundo\" \/><\/div><h4 class=\"w-iconbox-title\">Colaborando em todo o mundo<\/h4><div class=\"w-iconbox-text\">Queremos criar oportunidades globais em todo o mundo para aumentar o alcance de nossas solu\u00e7\u00f5es m\u00e9dicas.<\/div><\/div><\/div><\/div><\/div><div class=\"w-separator type_invisible size_small thick_1 style_solid color_border cont_none\"><span class=\"w-separator-h\"><\/span><\/div><div class=\"g-cols wpb_row offset_small vc_inner \"><div class=\"vc_col-sm-4 wpb_column vc_column_container\"><div class=\"vc_column-inner\"><div class=\"w-iconbox iconpos_top size_huge style_default color_primary icontype_img\"><div class=\"w-iconbox-icon\"><img src=\"https:\/\/ztecmedical.com\/wp-content\/uploads\/2016\/09\/ztec-about-us-manager-.jpg\" width=\"700\" height=\"467\" alt=\"Oportunidades iguais\" \/><\/div><h4 class=\"w-iconbox-title\">Oportunidades iguais<\/h4><div class=\"w-iconbox-text\">Criamos oportunidades iguais para todos, pois queremos apoiar talentos brilhantes.<\/div><\/div><\/div><\/div><div class=\"vc_col-sm-4 wpb_column vc_column_container\"><div class=\"vc_column-inner\"><div class=\"w-iconbox iconpos_top size_huge style_default color_primary icontype_img\"><div class=\"w-iconbox-icon\"><img src=\"https:\/\/ztecmedical.com\/wp-content\/uploads\/2016\/09\/ztec-about-us-positive-.jpg\" width=\"600\" height=\"520\" alt=\"Positividade\" \/><\/div><h4 class=\"w-iconbox-title\">Positividade<\/h4><div class=\"w-iconbox-text\">Reagimos \u00e0s mudan\u00e7as no mundo dos cuidados com a sa\u00fade com positividade, a fim de melhorar ainda mais os cuidados aos pacientes.<\/div><\/div><\/div><\/div><div class=\"vc_col-sm-4 wpb_column vc_column_container\"><div class=\"vc_column-inner\"><div class=\"w-iconbox iconpos_top size_huge style_default color_primary icontype_img\"><div class=\"w-iconbox-icon\"><img src=\"https:\/\/ztecmedical.com\/wp-content\/uploads\/2016\/09\/ztec-sustainable-world-.jpg\" width=\"424\" height=\"283\" alt=\"Sustentabilidade\" \/><\/div><h4 class=\"w-iconbox-title\">Sustentabilidade<\/h4><div class=\"w-iconbox-text\">&#8220;Atuando hoje para proteger o futuro&#8221;<br \/>\nDesde nossos produtos e servi\u00e7os at\u00e9 nossas pessoas, estamos empenhados em liderar pelo exemplo atrav\u00e9s de nossos programas ambientalmente e socialmente respons\u00e1veis.<br \/>\n<\/div><\/div><\/div><\/div><\/div><\/div><\/div><\/div><\/div><\/section><!-- Row Backgrounds --><div class=\"upb_grad\" data-grad=\"background: -webkit-gradient(linear, left top, left bottom, color-stop(0%, #E3E3E3), color-stop(0%, #E3E3E3), color-stop(0%, #431560), color-stop(0%, #E3E3E3), color-stop(0%, #E3E3E3), color-stop(0%, #E3E3E3), color-stop(0%, #E3E3E3), color-stop(0%, #E3E3E3), color-stop(0%, #E3E3E3), color-stop(0%, #E3E3E3), color-stop(0%, #E3E3E3), color-stop(0%, #431560), color-stop(85%, #631D76));background: -moz-linear-gradient(top,#E3E3E3 0%,#E3E3E3 0%,#431560 0%,#E3E3E3 0%,#E3E3E3 0%,#E3E3E3 0%,#E3E3E3 0%,#E3E3E3 0%,#E3E3E3 0%,#E3E3E3 0%,#E3E3E3 0%,#431560 0%,#631D76 85%);background: -webkit-linear-gradient(top,#E3E3E3 0%,#E3E3E3 0%,#431560 0%,#E3E3E3 0%,#E3E3E3 0%,#E3E3E3 0%,#E3E3E3 0%,#E3E3E3 0%,#E3E3E3 0%,#E3E3E3 0%,#E3E3E3 0%,#431560 0%,#631D76 85%);background: -o-linear-gradient(top,#E3E3E3 0%,#E3E3E3 0%,#431560 0%,#E3E3E3 0%,#E3E3E3 0%,#E3E3E3 0%,#E3E3E3 0%,#E3E3E3 0%,#E3E3E3 0%,#E3E3E3 0%,#E3E3E3 0%,#431560 0%,#631D76 85%);background: -ms-linear-gradient(top,#E3E3E3 0%,#E3E3E3 0%,#431560 0%,#E3E3E3 0%,#E3E3E3 0%,#E3E3E3 0%,#E3E3E3 0%,#E3E3E3 0%,#E3E3E3 0%,#E3E3E3 0%,#E3E3E3 0%,#431560 0%,#631D76 85%);background: linear-gradient(top,#E3E3E3 0%,#E3E3E3 0%,#431560 0%,#E3E3E3 0%,#E3E3E3 0%,#E3E3E3 0%,#E3E3E3 0%,#E3E3E3 0%,#E3E3E3 0%,#E3E3E3 0%,#E3E3E3 0%,#431560 0%,#631D76 85%);\" data-bg-override=\"0\" data-upb-overlay-color=\"\" data-upb-bg-animation=\"\" data-fadeout=\"\" data-fadeout-percentage=\"30\" data-parallax-content=\"\" data-parallax-content-sense=\"30\" data-row-effect-mobile-disable=\"true\" data-img-parallax-mobile-disable=\"true\" data-rtl=\"false\"  data-custom-vc-row=\"\"  data-vc=\"5.2\"  data-is_old_vc=\"\"  data-theme-support=\"\"   data-overlay=\"false\" data-overlay-color=\"\" data-overlay-pattern=\"\" data-overlay-pattern-opacity=\"\" data-overlay-pattern-size=\"\"    ><\/div>","protected":false},"excerpt":{"rendered":"[vc_custom_heading text=\"Abordando as complexidades de Cuidados de sa\u00fade hoje e no futuro\" font_container=\"tag:h1|font_size:55px|text_align:left|color:%23ffffff\" google_fonts=\"font_family:Open%20Sans%3A300%2C300italic%2Cregular%2Citalic%2C600%2C600italic%2C700%2C700italic%2C800%2C800italic|font_style:400%20regular%3A400%3Anormal\" el_class=\"about-text\"] A ZTEC Medical \u00e9 uma empresa de tecnologia diversificada, focada na melhoria da vida das...","protected":false},"author":1,"featured_media":0,"parent":0,"menu_order":0,"comment_status":"closed","ping_status":"closed","template":"","meta":[],"yoast_head":"<!-- This site is optimized with the Yoast SEO plugin v15.5 - https:\/\/yoast.com\/wordpress\/plugins\/seo\/ -->\n<meta name=\"description\" content=\"Our Mission | \u00ae ZTEC Medical is a diversified technology company, focused on improving people\u2019s lives through meaningful innovation.\" \/>\n<meta name=\"robots\" content=\"index, follow, max-snippet:-1, max-image-preview:large, max-video-preview:-1\" \/>\n<link rel=\"canonical\" href=\"https:\/\/ztecmedical.com\/our-mission\/\" \/>\n<meta property=\"og:locale\" content=\"pt_PT\" \/>\n<meta property=\"og:type\" content=\"article\" \/>\n<meta property=\"og:title\" content=\"[:en]Our Mission[:es]Nuestra misi\u00f3n[:pt]Nossa miss\u00e3o[:] | ZTEC MEDICAL\" \/>\n<meta property=\"og:description\" content=\"Our Mission | \u00ae ZTEC Medical is a diversified technology company, focused on improving people\u2019s lives through meaningful innovation.\" \/>\n<meta property=\"og:url\" content=\"https:\/\/ztecmedical.com\/our-mission\/\" \/>\n<meta property=\"og:site_name\" content=\"ZTEC MEDICAL\" \/>\n<meta property=\"article:modified_time\" content=\"2020-12-16T21:22:20+00:00\" \/>\n<meta name=\"twitter:card\" content=\"summary\" \/>\n<meta name=\"twitter:label1\" content=\"Est. reading time\">\n\t<meta name=\"twitter:data1\" content=\"16 minutos\">\n<script type=\"application\/ld+json\" class=\"yoast-schema-graph\">{\"@context\":\"https:\/\/schema.org\",\"@graph\":[{\"@type\":\"WebSite\",\"@id\":\"https:\/\/ztecmedical.com\/#website\",\"url\":\"https:\/\/ztecmedical.com\/\",\"name\":\"ZTEC MEDICAL\",\"description\":\"Medical Equipment Export, Medical Devices\",\"potentialAction\":[{\"@type\":\"SearchAction\",\"target\":\"https:\/\/ztecmedical.com\/?s={search_term_string}\",\"query-input\":\"required name=search_term_string\"}],\"inLanguage\":\"pt-PT\"},{\"@type\":\"WebPage\",\"@id\":\"https:\/\/ztecmedical.com\/our-mission\/#webpage\",\"url\":\"https:\/\/ztecmedical.com\/our-mission\/\",\"name\":\"[:en]Our Mission[:es]Nuestra misi\\u00f3n[:pt]Nossa miss\\u00e3o[:] | ZTEC MEDICAL\",\"isPartOf\":{\"@id\":\"https:\/\/ztecmedical.com\/#website\"},\"datePublished\":\"2020-09-26T10:06:16+00:00\",\"dateModified\":\"2020-12-16T21:22:20+00:00\",\"description\":\"Our Mission | \\u00ae ZTEC Medical is a diversified technology company, focused on improving people\\u2019s lives through meaningful innovation.\",\"inLanguage\":\"pt-PT\",\"potentialAction\":[{\"@type\":\"ReadAction\",\"target\":[\"https:\/\/ztecmedical.com\/our-mission\/\"]}]}]}<\/script>\n<!-- \/ Yoast SEO plugin. -->","_links":{"self":[{"href":"https:\/\/ztecmedical.com\/pt\/wp-json\/wp\/v2\/pages\/5090"}],"collection":[{"href":"https:\/\/ztecmedical.com\/pt\/wp-json\/wp\/v2\/pages"}],"about":[{"href":"https:\/\/ztecmedical.com\/pt\/wp-json\/wp\/v2\/types\/page"}],"author":[{"embeddable":true,"href":"https:\/\/ztecmedical.com\/pt\/wp-json\/wp\/v2\/users\/1"}],"replies":[{"embeddable":true,"href":"https:\/\/ztecmedical.com\/pt\/wp-json\/wp\/v2\/comments?post=5090"}],"version-history":[{"count":2,"href":"https:\/\/ztecmedical.com\/pt\/wp-json\/wp\/v2\/pages\/5090\/revisions"}],"predecessor-version":[{"id":5783,"href":"https:\/\/ztecmedical.com\/pt\/wp-json\/wp\/v2\/pages\/5090\/revisions\/5783"}],"wp:attachment":[{"href":"https:\/\/ztecmedical.com\/pt\/wp-json\/wp\/v2\/media?parent=5090"}],"curies":[{"name":"wp","href":"https:\/\/api.w.org\/{rel}","templated":true}]}}