{"id":5092,"date":"2020-09-26T10:06:49","date_gmt":"2020-09-26T10:06:49","guid":{"rendered":"http:\/\/ztecmedical.com\/?page_id=5092"},"modified":"2020-12-16T21:22:33","modified_gmt":"2020-12-16T21:22:33","slug":"privacy-notice","status":"publish","type":"page","link":"https:\/\/ztecmedical.com\/pt\/privacy-notice\/","title":{"rendered":"Aviso de Privacidade"},"content":{"rendered":"<section class=\"l-section wpb_row height_auto\" style=\"padding-top: 20px !important;\"><div class=\"l-section-h i-cf\"><div class=\"g-cols offset_small\"><div class=\"vc_col-sm-12 wpb_column vc_column_container\"><div class=\"vc_column-inner\"><div class=\"w-separator type_invisible size_medium thick_1 style_solid color_border cont_none\"><span class=\"w-separator-h\"><\/span><\/div><div class=\"wpb_text_column \"><div class=\"wpb_wrapper\">\n<h3><strong>Introdu\u00e7\u00e3o<\/strong><\/h3>\n<\/div> <\/div> <div class=\"wpb_text_column \"><div class=\"wpb_wrapper\"><p>Bem-vindo ao site ztecmedical.com (o &#8220;Site&#8221;). Ztec Medical LTD, Inc. Este aviso de privacidade aplica-se aos dados pessoais dos consumidores que s\u00e3o coletados ou utilizados pela Ztec Medical Inc. A Ztec Medical aprecia o interesse que voc\u00ea mostrou em nossa empresa, produtos e servi\u00e7os visitando nossos sites, www.ztecmedical.com ou canais de comunica\u00e7\u00e3o relacionados, incluindo, mas n\u00e3o limitado a nossas p\u00e1ginas de m\u00eddia social e \/ ou canais e blogs (\u201cp\u00e1ginas da Ztec Medical&#8221;). Este aviso de privacidade aplica-se a todos os dados pessoais que a Ztec Medical coleta quando voc\u00ea interage com a Ztec Medical, como quando visita nossos sites, quando usa os produtos ou servi\u00e7os oferecidos pela Ztec Medical, quando compra produtos ou servi\u00e7os da Ztec Medical, quando voc\u00ea se inscreve em boletins informativos, quando conta com a assist\u00eancia ao cliente e quando interage com a Ztec Medical como cliente comercial, fornecedor ou parceiro comercial, etc.<\/p>\n<p>Isso inclui, sem limita\u00e7\u00e3o, todas as coletas online e offline de todos os tipos de dados pessoais. No entanto, algumas coletas de p\u00e1ginas da Ztec Medical envolvem tipos de dados com requisitos especiais (por exemplo, dados m\u00e9dicos) e que exigem um aviso de privacidade diferente. Sempre que for esse o caso, a Ztec Medical deixar\u00e1 claro que o aviso de privacidade em quest\u00e3o \u00e9 diferente desse aviso geral de privacidade.<\/p><\/div> <\/div> <\/div><\/div><\/div><\/div><\/section><section class=\"l-section wpb_row height_auto\" style=\"padding-top: 20px !important;\"><div class=\"l-section-h i-cf\"><div class=\"g-cols offset_small\"><div class=\"vc_col-sm-12 wpb_column vc_column_container\"><div class=\"vc_column-inner\"><div class=\"wpb_text_column \"><div class=\"wpb_wrapper\">\n<h3><strong>Compartilhando Seus Dados Pessoais com Terceiros<\/strong><\/h3>\n<\/div> <\/div> <div class=\"wpb_text_column \"><div class=\"wpb_wrapper\"><p>Esta garantia \u00e9 dada em lugar de todas as outras garantias, expressas ou impl\u00edcitas. Nenhuma declara\u00e7\u00e3o ou reclama\u00e7\u00e3o sobre o produto por um empregado, agente ou revendedor de \u00aeZTEC Medical deve constituir uma garantia pela \u00aeZTEC Medical ou dar origem a qualquer responsabilidade ou obriga\u00e7\u00e3o da \u00aeZTEC Medical.<\/p>\n<p>\u00aeZTEC Medical Inc. Garante que seu equipamento seja livre de defeitos em materiais e m\u00e3o-de-obra em uso normal e com manuten\u00e7\u00e3o adequada. O comprimento da garantia varia de produto para produto, por favor, pergunte ao seu representante m\u00e9dico \u00aeZTEC sobre a cobertura de garantia espec\u00edfica. Para produtos pl\u00e1sticos, borracha ou outros itens descart\u00e1veis, a \u00aeZTEC Medical garante apenas que tais pe\u00e7as estar\u00e3o isentas de defeitos de materiais e m\u00e3o de obra no momento da compra.<\/p>\n<p>Repararemos ou substituiremos qualquer item defeituoso ou pe\u00e7as cobertas pela garantia que nos sejam devolvidos dentro do per\u00edodo de garantia. S\u00e3o necess\u00e1rias as seguintes informa\u00e7\u00f5es: n\u00famero RMA (contate a ZtecMedical para obter), uma carta indicando o problema, o n\u00famero de s\u00e9rie e a c\u00f3pia da fatura ou, em vez da fatura, o nome do comprador, a data de compra, o n\u00famero de telefone e o endere\u00e7o.<\/p>\n<p>O equipamento que foi danificado est\u00e1 exclu\u00eddo desta garantia e ser\u00e1 reparado por uma taxa. Entre em contato com sua empresa de frete para enviar qualquer reclama\u00e7\u00e3o por danos no transporte.<\/p>\n<p>N\u00e3o repare seu equipamento por terceiros sem autoriza\u00e7\u00e3o pr\u00e9via por escrito. Isso pode anular sua garantia original.<\/p><\/div> <\/div> <\/div><\/div><\/div><\/div><\/section><section class=\"l-section wpb_row height_auto\" style=\"padding-top: 20px !important;\"><div class=\"l-section-h i-cf\"><div class=\"g-cols offset_small\"><div class=\"vc_col-sm-12 wpb_column vc_column_container\"><div class=\"vc_column-inner\"><div class=\"wpb_text_column \"><div class=\"wpb_wrapper\">\n<h3><strong>Seus Direitos<\/strong><\/h3>\n<\/div> <\/div> <div class=\"wpb_text_column \"><div class=\"wpb_wrapper\"><p>Uma vez que voc\u00ea tenha nos fornecido seus dados pessoais, voc\u00ea tem acesso a essa informa\u00e7\u00e3o para que voc\u00ea possa atualizar, modificar ou, se for legalmente poss\u00edvel, exclu\u00ed-la. Para isso, encaminhamos voc\u00ea para a p\u00e1gina de privacidade da Ztec Medical (www.ztecmedical.com\/privacy) onde voc\u00ea pode exercer seus direitos. Nesta p\u00e1gina do site, voc\u00ea tamb\u00e9m pode colocar outras quest\u00f5es de privacidade ou arquivar suas reclama\u00e7\u00f5es de privacidade para a nota do site de privacidade da Ztec Medical em (info@ztecmedical.com)<\/p>\n<p>Voc\u00ea tamb\u00e9m pode excluir ou alterar as configura\u00e7\u00f5es de privacidade da sua conta Minha Ztec Medical acessando sua conta e acessando suas &#8220;configura\u00e7\u00f5es pessoais&#8221;.<\/p>\n<p>Voc\u00ea tamb\u00e9m receber\u00e1 uma oportunidade de exclus\u00e3o em nossas mensagens comerciais para voc\u00ea.<\/p>\n<p>Encorajamos voc\u00ea a manter suas configura\u00e7\u00f5es pessoais e dados pessoais completos e atualizados.<\/p><\/div> <\/div> <\/div><\/div><\/div><\/div><\/section><section class=\"l-section wpb_row height_auto\" style=\"padding-top: 20px !important;\"><div class=\"l-section-h i-cf\"><div class=\"g-cols offset_small\"><div class=\"vc_col-sm-12 wpb_column vc_column_container\"><div class=\"vc_column-inner\"><div class=\"wpb_text_column \"><div class=\"wpb_wrapper\">\n<h3><strong>Suas Escolhas<\/strong><\/h3>\n<\/div> <\/div> <div class=\"wpb_text_column \"><div class=\"wpb_wrapper\"><p>Queremos conhec\u00ea-lo melhor para que possamos atend\u00ea-lo melhor, respeitando ao mesmo tempo suas escolhas sobre como usamos seus dados pessoais.<\/p>\n<p>Os seus dados pessoais podem ser transferidos do seu pa\u00eds de origem para outras empresas da Ztec Medical em diferentes locais ao redor do mundo, que podem se comunicar com voc\u00ea sobre os produtos, servi\u00e7os ou ofertas especiais da Ztec Medical que voc\u00ea possa estar interessado. Se a legisla\u00e7\u00e3o local o exigir, ela solicitar\u00e1 o consentimento pr\u00e9vio para transferir seus dados pessoais para fora de sua regi\u00e3o geogr\u00e1fica.<\/p>\n<p>Se voc\u00ea n\u00e3o quiser que lhe enviemos ofertas ou informa\u00e7\u00f5es personalizadas, voc\u00ea pode nos avisar marcando a caixa apropriada no formul\u00e1rio de inscri\u00e7\u00e3o ou no cart\u00e3o de resposta, ou selecionando &#8220;opt-out&#8221; nos e-mails que voc\u00ea recebe.<\/p>\n<p>Onde a lei local o exige, pediremos que voc\u00ea &#8220;opte por&#8221; ou aceite o processamento de seus dados pessoais. Por exemplo, onde a lei local assim o exige, n\u00f3s s\u00f3 lhe enviaremos boletins se voc\u00ea se inscreveu. Da mesma forma, onde a lei local assim o exige, pediremos que voc\u00ea &#8220;opte por entrar&#8221; antes de usar t\u00e9cnicas de perfil sofisticadas.<\/p>\n<p>Como a Ztec Medical vende muitos produtos e servi\u00e7os em diferentes pa\u00edses, voc\u00ea pode ter nos fornecido previamente seus dados pessoais atrav\u00e9s de cart\u00f5es de resposta, atrav\u00e9s de nossos call centers ou de alguma outra forma. Sua decis\u00e3o de n\u00e3o se registrar agora n\u00e3o afetar\u00e1 os dados pessoais que voc\u00ea j\u00e1 forneceu \u00e0 Ztec Medical. Claro, voc\u00ea sempre ter\u00e1 a op\u00e7\u00e3o de se desinscrever de qualquer comunica\u00e7\u00e3o direcionada da Ztec Medical ou alterar sua informa\u00e7\u00e3o de perfil pessoal conforme descrito em &#8220;Seus Direitos&#8221;.<\/p><\/div> <\/div> <\/div><\/div><\/div><\/div><\/section><section class=\"l-section wpb_row height_auto\" style=\"padding-top: 20px !important;\"><div class=\"l-section-h i-cf\"><div class=\"g-cols offset_small\"><div class=\"vc_col-sm-12 wpb_column vc_column_container\"><div class=\"vc_column-inner\"><div class=\"wpb_text_column \"><div class=\"wpb_wrapper\">\n<h3><strong>Sinais de N\u00e3o Rastreamento<\/strong><\/h3>\n<\/div> <\/div> <div class=\"wpb_text_column \"><div class=\"wpb_wrapper\"><p>A Ztec Medical leva a privacidade e seguran\u00e7a muito a s\u00e9rio e se esfor\u00e7a para colocar os usu\u00e1rios do nosso site em primeiro lugar em todos os aspectos do nosso neg\u00f3cio. A Ztec Medical utiliza cookies para ajud\u00e1-lo a tirar o m\u00e1ximo de proveito das p\u00e1ginas da Ztec Medical.<\/p>\n<p>Lembre-se de que a Ztec Medical atualmente n\u00e3o faz uso de uma solu\u00e7\u00e3o t\u00e9cnica que nos permita responder aos sinais de n\u00e3o rastreamento. Para gerenciar suas prefer\u00eancias de cookie, no entanto, voc\u00ea pode alterar as configura\u00e7\u00f5es de cookies nas configura\u00e7\u00f5es do seu navegador a qualquer momento. Voc\u00ea pode aceitar todos ou certos cookies. Se voc\u00ea desabilitar nossos cookies nas configura\u00e7\u00f5es do seu navegador, voc\u00ea pode descobrir que certas se\u00e7\u00f5es do (s) nosso (s) site (s) n\u00e3o funcionar\u00e3o. Por exemplo, voc\u00ea pode ter dificuldades para fazer logon ou fazer compras on-line.<\/p>\n<p>Voc\u00ea pode encontrar mais informa\u00e7\u00f5es sobre como alterar suas configura\u00e7\u00f5es de cookie para o navegador que voc\u00ea usa da seguinte lista:<\/p>\n<p><a href=\"https:\/\/www.google.com\/intl\/en\/policies\/technologies\/managing\/\">https:\/\/www.google.com\/intl\/en\/policies\/technologies\/managing\/<\/a><br \/>\n<a href=\"http:\/\/support.mozilla.com\/en-GB\/kb\/Cookies#w_cookie-settings\">http:\/\/support.mozilla.com\/en-GB\/kb\/Cookies#w_cookie-settings<\/a><br \/>\n<a href=\"http:\/\/windows.microsoft.com\/en-GB\/windows-vista\/Block-or-allow-cookies\">http:\/\/windows.microsoft.com\/en-GB\/windows-vista\/Block-or-allow-cookies<\/a><br \/>\n<a href=\"http:\/\/www.apple.com\/safari\/features.html#security\">http:\/\/www.apple.com\/safari\/features.html#security<\/a><\/p>\n<p>Nas p\u00e1ginas da Ztec Medical, os cookies Flash tamb\u00e9m s\u00e3o usados. Os cookies instant\u00e2neos podem ser removidos ao gerenciar as configura\u00e7\u00f5es do Flash Player. Dependendo da vers\u00e3o do Internet Explorer (ou de outro navegador) e do player multim\u00eddia que voc\u00ea usa, voc\u00ea pode gerenciar os cookies do Flash com seu navegador. Voc\u00ea pode gerenciar Cookies Flash visitando o site da Adobe. Esteja ciente de que restringir o uso de Cookies Flash pode afetar os recursos dispon\u00edveis para voc\u00ea.<\/p><\/div> <\/div> <\/div><\/div><\/div><\/div><\/section><section class=\"l-section wpb_row height_auto\" style=\"padding-top: 20px !important;\"><div class=\"l-section-h i-cf\"><div class=\"g-cols offset_small\"><div class=\"vc_col-sm-12 wpb_column vc_column_container\"><div class=\"vc_column-inner\"><div class=\"wpb_text_column \"><div class=\"wpb_wrapper\">\n<h3><strong>Redes Sociais<\/strong><\/h3>\n<\/div> <\/div> <div class=\"wpb_text_column \"><div class=\"wpb_wrapper\"><p>Quando voc\u00ea participa de v\u00e1rios f\u00f3runs de redes sociais como Facebook, Twitter, Yammer, Instagram, etc., voc\u00ea deve estar familiarizado e entender as ferramentas fornecidas por esses sites que permitem que voc\u00ea fa\u00e7a escolhas sobre como voc\u00ea compartilha os dados pessoais em suas m\u00eddias sociais perfil (s).<\/p>\n<p>A Ztec Medical est\u00e1 vinculada pelas pr\u00e1ticas ou pol\u00edticas de privacidade desses terceiros, bem como n\u00f3s encorajamos voc\u00ea a ler os avisos de privacidade aplic\u00e1veis, termos de uso e informa\u00e7\u00f5es relacionadas sobre como seus dados pessoais s\u00e3o usados nesses ambientes de m\u00eddia social.<\/p>\n<p>Al\u00e9m disso, dependendo das escolhas que voc\u00ea fez em rela\u00e7\u00e3o \u00e0s suas configura\u00e7\u00f5es em v\u00e1rios sites de redes sociais (e \/ ou em combina\u00e7\u00e3o com suas configura\u00e7\u00f5es nas p\u00e1ginas da Ztec Medical), alguns dados pessoais podem ser compartilhados com o ZtecMedical sobre suas atividades on-line e perfis de redes sociais, por exemplo interesses, estado civil, g\u00eanero, nome de usu\u00e1rio, fotos, coment\u00e1rios e conte\u00fado postado \/ compartilhado, etc.<\/p><\/div> <\/div> <\/div><\/div><\/div><\/div><\/section><section class=\"l-section wpb_row height_auto\" style=\"padding-top: 20px !important;\"><div class=\"l-section-h i-cf\"><div class=\"g-cols offset_small\"><div class=\"vc_col-sm-12 wpb_column vc_column_container\"><div class=\"vc_column-inner\"><div class=\"wpb_text_column \"><div class=\"wpb_wrapper\">\n<h3><strong>Conectando a outros sites<\/strong><\/h3>\n<\/div> <\/div> <div class=\"wpb_text_column \"><div class=\"wpb_wrapper\"><p>Durante a sua jornada online nos sites da Ztec Medical, voc\u00ea pode encontrar links para outros sites para sua conveni\u00eancia e informa\u00e7\u00f5es. Esses sites podem operar independentemente da Ztec Medical e podem ter seus pr\u00f3prios avisos de privacidade, declara\u00e7\u00f5es ou pol\u00edticas. Recomendamos fortemente que voc\u00ea os leia para entender como os seus dados pessoais podem ser processados em conex\u00e3o com esses sites, pois n\u00e3o somos respons\u00e1veis pelo conte\u00fado de sites n\u00e3o gerenciados ou protegidos por Ztec, nem pelas pr\u00e1ticas de uso ou privacidade desses sites.<\/p><\/div> <\/div> <\/div><\/div><\/div><\/div><\/section><section class=\"l-section wpb_row height_auto\" style=\"padding-top: 20px !important;\"><div class=\"l-section-h i-cf\"><div class=\"g-cols offset_small\"><div class=\"vc_col-sm-12 wpb_column vc_column_container\"><div class=\"vc_column-inner\"><div class=\"wpb_text_column \"><div class=\"wpb_wrapper\">\n<h3><strong>Nuvem<\/strong><\/h3>\n<\/div> <\/div> <div class=\"wpb_text_column \"><div class=\"wpb_wrapper\"><p>A Ztec Medical pode armazenar seus dados pessoais em uma nuvem. Isso significa que seus dados pessoais podem ser processados em nome da Ztec Medical por um provedor de servi\u00e7os em nuvem e podem ser armazenados em diferentes locais ao redor do mundo. A Ztec Medical faz uso de medidas organizacionais e contratuais para proteger seus dados pessoais e para impor requisitos semelhantes, mas de forma alguma menos restritiva, em nossos provedores de servi\u00e7os na nuvem, incluindo requisitos que seus dados pessoais sejam processados exclusivamente para os fins mencionados acima.<\/p><\/div> <\/div> <\/div><\/div><\/div><\/div><\/section><section class=\"l-section wpb_row height_auto\" style=\"padding-top: 20px !important;\"><div class=\"l-section-h i-cf\"><div class=\"g-cols offset_small\"><div class=\"vc_col-sm-12 wpb_column vc_column_container\"><div class=\"vc_column-inner\"><div class=\"wpb_text_column \"><div class=\"wpb_wrapper\">\n<h3><strong>Como protegemos seus dados pessoais<\/strong><\/h3>\n<\/div> <\/div> <div class=\"wpb_text_column \"><div class=\"wpb_wrapper\"><p>Reconhecemos e levamos a s\u00e9rio a nossa responsabilidade de proteger os dados pessoais que voc\u00ea confia \u00e0 Ztec Medical por perda, uso indevido ou acesso n\u00e3o autorizado. A Ztec Medical usa uma variedade de tecnologias de seguran\u00e7a e procedimentos organizacionais para ajudar a proteger seus dados pessoais. Por exemplo, implementamos controles de acesso, usamos firewalls e servidores seguros, e criptografamos certos tipos de dados, como informa\u00e7\u00f5es financeiras e outros dados confidenciais.<\/p><\/div> <\/div> <\/div><\/div><\/div><\/div><\/section><section class=\"l-section wpb_row height_auto\" style=\"padding-top: 20px !important;\"><div class=\"l-section-h i-cf\"><div class=\"g-cols offset_small\"><div class=\"vc_col-sm-12 wpb_column vc_column_container\"><div class=\"vc_column-inner\"><div class=\"wpb_text_column \"><div class=\"wpb_wrapper\">\n<h3><strong>Informa\u00e7\u00e3o Especial Para Pais<\/strong><\/h3>\n<\/div> <\/div> <div class=\"wpb_text_column \"><div class=\"wpb_wrapper\"><p>Enquanto os sites da Ztec Medical geralmente n\u00e3o s\u00e3o direcionados a crian\u00e7as menores de 16 anos, \u00e9 pol\u00edtica da Ztec Medical cumprir a lei quando requer permiss\u00e3o dos pais ou respons\u00e1veis antes que as informa\u00e7\u00f5es das crian\u00e7as sejam coletadas, usadas ou divulgadas.<\/p>\n<p>A Ztec Medical recomenda fortemente que os pais assumam um papel ativo na supervis\u00e3o das atividades on-line de seus filhos. Se voc\u00ea acha que coletamos dados pessoais de uma pessoa com menos de 16 anos, entre em contato conosco em (<a href=\"mailto:info@ztecmedical.com\">info@ztecmedical.com<\/a>)<\/p><\/div> <\/div> <\/div><\/div><\/div><\/div><\/section><section class=\"l-section wpb_row height_auto\" style=\"padding-top: 20px !important;\"><div class=\"l-section-h i-cf\"><div class=\"g-cols offset_small\"><div class=\"vc_col-sm-12 wpb_column vc_column_container\"><div class=\"vc_column-inner\"><div class=\"wpb_text_column \"><div class=\"wpb_wrapper\">\n<h3><strong>Mudan\u00e7as nesse aviso de privacidade<\/strong><\/h3>\n<\/div> <\/div> <div class=\"wpb_text_column \"><div class=\"wpb_wrapper\"><p>Os servi\u00e7os que a Ztec Medical fornece est\u00e3o sempre evoluindo e a forma e a natureza dos servi\u00e7os que a Ztec Medical fornece podem mudar de tempos em tempos sem aviso pr\u00e9vio. Por esta raz\u00e3o, nos reservamos o direito de alterar ou adicionar a este aviso de privacidade de tempos em tempos e publicaremos quaisquer revis\u00f5es relevantes em nossos sites.<\/p>\n<p>Publicaremos um aviso proeminente na nossa p\u00e1gina de aviso de privacidade para notific\u00e1-lo de quaisquer altera\u00e7\u00f5es significativas a este aviso de privacidade, e indicar\u00e1 no topo do aviso quando foi atualizado recentemente. Encorajamos voc\u00ea a verificar frequentemente para revisar a vers\u00e3o mais recente.<\/p>\n<p>O novo aviso de privacidade entrar\u00e1 em vigor ap\u00f3s a publica\u00e7\u00e3o. Se voc\u00ea n\u00e3o concordar com o aviso revisado, voc\u00ea deve alterar suas prefer\u00eancias ou considerar interromper o uso das p\u00e1ginas da Ztec Medical. Ao continuar acessando ou fazendo uso de nossos servi\u00e7os ap\u00f3s as altera\u00e7\u00f5es entrarem em vigor, voc\u00ea concorda em ficar vinculado pelo aviso de privacidade revisado.<\/p><\/div> <\/div> <\/div><\/div><\/div><\/div><\/section><section class=\"l-section wpb_row height_auto\" style=\"padding-top: 20px !important;padding-bottom: 20px !important;\"><div class=\"l-section-h i-cf\"><div class=\"g-cols offset_small\"><div class=\"vc_col-sm-12 wpb_column vc_column_container\"><div class=\"vc_column-inner\"><div class=\"wpb_text_column \"><div class=\"wpb_wrapper\">\n<h3><strong>Como nos Contatar<\/strong><\/h3>\n<\/div> <\/div> <div class=\"wpb_text_column \"><div class=\"wpb_wrapper\"><p>Fale conosco sobre o aviso de privacidade\u00a0 do site \u00a0Ztec Medical em (<a href=\"mailto:info@ztecmedical.com\">info@ztecmedical.com<\/a>)<\/p><\/div> <\/div> <div class=\"g-cols wpb_row offset_small vc_inner \"><div class=\"vc_col-sm-12 wpb_column vc_column_container\"><div class=\"vc_column-inner\"><div class=\"wpb_text_column \"><div class=\"wpb_wrapper\">\n<h4><strong>Aviso de privacidade \u00aeZTEC Medical<\/strong><\/h4>\n<p>Data de Vig\u00eancia deste Aviso de Privacidade<br \/>\n02 Agosto 2016<\/div> <\/div> <\/div><\/div><\/div><\/div><\/div><\/div><\/div><\/section><section class=\"l-section wpb_row height_medium\"><div class=\"l-section-h i-cf\"><div class=\"g-cols offset_small\"><div class=\"vc_col-sm-12 wpb_column vc_column_container\"><div class=\"vc_column-inner\"><\/div><\/div><\/div><\/div><\/section>","protected":false},"excerpt":{"rendered":"Introdu\u00e7\u00e3o Bem-vindo ao site ztecmedical.com (o \"Site\"). Ztec Medical LTD, Inc. Este aviso de privacidade aplica-se aos dados pessoais dos consumidores que s\u00e3o coletados ou utilizados pela Ztec Medical Inc....","protected":false},"author":1,"featured_media":0,"parent":0,"menu_order":0,"comment_status":"closed","ping_status":"closed","template":"","meta":[],"yoast_head":"<!-- This site is optimized with the Yoast SEO plugin v15.5 - https:\/\/yoast.com\/wordpress\/plugins\/seo\/ -->\n<meta name=\"robots\" content=\"index, follow, max-snippet:-1, max-image-preview:large, max-video-preview:-1\" \/>\n<link rel=\"canonical\" href=\"https:\/\/ztecmedical.com\/privacy-notice\/\" \/>\n<meta property=\"og:locale\" content=\"pt_PT\" \/>\n<meta property=\"og:type\" content=\"article\" \/>\n<meta property=\"og:title\" content=\"[:en]Privacy Notice[:es]Aviso de privacidad[:pt]Aviso de Privacidade[:] | ZTEC MEDICAL\" \/>\n<meta property=\"og:url\" content=\"https:\/\/ztecmedical.com\/privacy-notice\/\" \/>\n<meta property=\"og:site_name\" content=\"ZTEC MEDICAL\" \/>\n<meta property=\"article:modified_time\" content=\"2020-12-16T21:22:33+00:00\" \/>\n<meta name=\"twitter:card\" content=\"summary\" \/>\n<meta name=\"twitter:label1\" content=\"Est. reading time\">\n\t<meta name=\"twitter:data1\" content=\"27 minutos\">\n<script type=\"application\/ld+json\" class=\"yoast-schema-graph\">{\"@context\":\"https:\/\/schema.org\",\"@graph\":[{\"@type\":\"WebSite\",\"@id\":\"https:\/\/ztecmedical.com\/#website\",\"url\":\"https:\/\/ztecmedical.com\/\",\"name\":\"ZTEC MEDICAL\",\"description\":\"Medical Equipment Export, Medical Devices\",\"potentialAction\":[{\"@type\":\"SearchAction\",\"target\":\"https:\/\/ztecmedical.com\/?s={search_term_string}\",\"query-input\":\"required name=search_term_string\"}],\"inLanguage\":\"pt-PT\"},{\"@type\":\"WebPage\",\"@id\":\"https:\/\/ztecmedical.com\/privacy-notice\/#webpage\",\"url\":\"https:\/\/ztecmedical.com\/privacy-notice\/\",\"name\":\"[:en]Privacy Notice[:es]Aviso de privacidad[:pt]Aviso de Privacidade[:] | ZTEC MEDICAL\",\"isPartOf\":{\"@id\":\"https:\/\/ztecmedical.com\/#website\"},\"datePublished\":\"2020-09-26T10:06:49+00:00\",\"dateModified\":\"2020-12-16T21:22:33+00:00\",\"inLanguage\":\"pt-PT\",\"potentialAction\":[{\"@type\":\"ReadAction\",\"target\":[\"https:\/\/ztecmedical.com\/privacy-notice\/\"]}]}]}<\/script>\n<!-- \/ Yoast SEO plugin. -->","_links":{"self":[{"href":"https:\/\/ztecmedical.com\/pt\/wp-json\/wp\/v2\/pages\/5092"}],"collection":[{"href":"https:\/\/ztecmedical.com\/pt\/wp-json\/wp\/v2\/pages"}],"about":[{"href":"https:\/\/ztecmedical.com\/pt\/wp-json\/wp\/v2\/types\/page"}],"author":[{"embeddable":true,"href":"https:\/\/ztecmedical.com\/pt\/wp-json\/wp\/v2\/users\/1"}],"replies":[{"embeddable":true,"href":"https:\/\/ztecmedical.com\/pt\/wp-json\/wp\/v2\/comments?post=5092"}],"version-history":[{"count":3,"href":"https:\/\/ztecmedical.com\/pt\/wp-json\/wp\/v2\/pages\/5092\/revisions"}],"predecessor-version":[{"id":5786,"href":"https:\/\/ztecmedical.com\/pt\/wp-json\/wp\/v2\/pages\/5092\/revisions\/5786"}],"wp:attachment":[{"href":"https:\/\/ztecmedical.com\/pt\/wp-json\/wp\/v2\/media?parent=5092"}],"curies":[{"name":"wp","href":"https:\/\/api.w.org\/{rel}","templated":true}]}}