{"id":5174,"date":"2020-09-27T06:27:00","date_gmt":"2020-09-27T06:27:00","guid":{"rendered":"http:\/\/ztecmedical.com\/?page_id=5174"},"modified":"2020-12-16T21:19:41","modified_gmt":"2020-12-16T21:19:41","slug":"about-us","status":"publish","type":"page","link":"https:\/\/ztecmedical.com\/pt\/about-us\/","title":{"rendered":"Sobre N\u00f3s"},"content":{"rendered":"<section class=\"l-section wpb_row height_medium width_full with_img with_overlay aboutrow\"><div class=\"l-section-img\" style=\"background-image: url(https:\/\/ztecmedical.com\/wp-content\/uploads\/2016\/09\/ztec-team.jpg);\" data-img-width=\"1678\" data-img-height=\"1119\"><\/div><div class=\"l-section-overlay\" style=\"background-color: rgba(0,0,0,0.01)\"><\/div><div class=\"l-section-h i-cf\"><div class=\"g-cols offset_small\"><div class=\"vc_col-sm-3 wpb_column vc_column_container\"><div class=\"vc_column-inner\"><div class=\"w-separator type_invisible size_medium thick_1 style_solid color_border cont_none\"><span class=\"w-separator-h\"><\/span><\/div><\/div><\/div><div class=\"vc_col-sm-6 wpb_column vc_column_container\"><div class=\"vc_column-inner\">[vc_custom_heading text=&#8221;Criando um<br \/>\n<b> futuro mais saud\u00e1vel para todos<\/b>&#8221; font_container=&#8221;tag:h1|font_size:55px|text_align:left|color:%23ffffff&#8221; google_fonts=&#8221;font_family:Open%20Sans%3A300%2C300italic%2Cregular%2Citalic%2C600%2C600italic%2C700%2C700italic%2C800%2C800italic|font_style:400%20regular%3A400%3Anormal&#8221; el_class=&#8221;about-text&#8221; css=&#8221;.vc_custom_1508761712976{padding-top: 100px !important;}&#8221;]<\/div><\/div><div class=\"vc_col-sm-3 wpb_column vc_column_container\"><div class=\"vc_column-inner\"><\/div><\/div><\/div><\/div><\/section><section class=\"l-section wpb_row height_medium\"><div class=\"l-section-h i-cf\"><div class=\"g-cols offset_small\"><div class=\"vc_col-sm-8 wpb_column vc_column_container\"><div class=\"vc_column-inner\"><div class=\"wpb_text_column \"><div class=\"wpb_wrapper\"><p>Nossa equipe de engenheiros experientes com diferentes experi\u00eancias de trabalho, incluindo engenheiros biom\u00e9dicos certificados e t\u00e9cnicos qualificados, est\u00e3o trabalhando arduamente para fazer com que a \u00aeZTEC Medical Exporta\u00e7\u00e3o &amp; Importa\u00e7\u00e3o seja l\u00edder mundial em solu\u00e7\u00f5es inovadoras de solu\u00e7\u00f5es m\u00e9dicas. Nossos servi\u00e7os, produtos e tecnologias s\u00e3o utilizados para diagnosticar ou tratar uma ampla gama de condi\u00e7\u00f5es m\u00e9dicas, incluindo cora\u00e7\u00e3o, digestivo, pulmonar, vascular, urol\u00f3gico, sa\u00fade da mulher, condi\u00e7\u00f5es de dor cr\u00f4nica, odontologia, equipamentos de cirurgia est\u00e9tica e servi\u00e7os de sa\u00fade.<\/p>\n<p>Continuamos a inovar nessas \u00e1reas e estamos ampliando nossas inova\u00e7\u00f5es em novas \u00e1reas geogr\u00e1ficas e mercados de adjac\u00eancia de alto crescimento.<\/p><\/div> <\/div> <\/div><\/div><div class=\"vc_col-sm-4 wpb_column vc_column_container\"><div class=\"vc_column-inner\"><div class=\"w-image \"><img width=\"600\" height=\"400\" src=\"https:\/\/ztecmedical.com\/wp-content\/uploads\/2016\/09\/ztec-Care-Responsibilit-600x400.jpg\" class=\"attachment-tnail-masonry size-tnail-masonry\" alt=\"ztec-care-responsibilit\" decoding=\"async\" loading=\"lazy\" srcset=\"https:\/\/ztecmedical.com\/wp-content\/uploads\/2016\/09\/ztec-Care-Responsibilit-600x400.jpg 600w, https:\/\/ztecmedical.com\/wp-content\/uploads\/2016\/09\/ztec-Care-Responsibilit-300x200.jpg 300w, https:\/\/ztecmedical.com\/wp-content\/uploads\/2016\/09\/ztec-Care-Responsibilit-768x512.jpg 768w, https:\/\/ztecmedical.com\/wp-content\/uploads\/2016\/09\/ztec-Care-Responsibilit.jpg 1024w\" sizes=\"(max-width: 600px) 100vw, 600px\" \/><\/div><\/div><\/div><\/div><\/div><\/section><section class=\"l-section wpb_row height_small\"><div class=\"l-section-h i-cf\"><div class=\"g-cols offset_small\"><div class=\"vc_col-sm-12 wpb_column vc_column_container\"><div class=\"vc_column-inner\"><div class=\"g-cols wpb_row offset_small vc_inner \"><div class=\"vc_col-sm-4 wpb_column vc_column_container\"><div class=\"vc_column-inner\"><div class=\"w-image  align_center\"><img width=\"1000\" height=\"1000\" src=\"https:\/\/ztecmedical.com\/wp-content\/uploads\/2016\/09\/ztec-parent-doctor-with-child-1.jpg\" class=\"attachment-large size-large\" alt=\"ztec-parent-doctor-with-child\" decoding=\"async\" loading=\"lazy\" srcset=\"https:\/\/ztecmedical.com\/wp-content\/uploads\/2016\/09\/ztec-parent-doctor-with-child-1.jpg 1000w, https:\/\/ztecmedical.com\/wp-content\/uploads\/2016\/09\/ztec-parent-doctor-with-child-1-150x150.jpg 150w, https:\/\/ztecmedical.com\/wp-content\/uploads\/2016\/09\/ztec-parent-doctor-with-child-1-300x300.jpg 300w, https:\/\/ztecmedical.com\/wp-content\/uploads\/2016\/09\/ztec-parent-doctor-with-child-1-768x768.jpg 768w, https:\/\/ztecmedical.com\/wp-content\/uploads\/2016\/09\/ztec-parent-doctor-with-child-1-350x350.jpg 350w, https:\/\/ztecmedical.com\/wp-content\/uploads\/2016\/09\/ztec-parent-doctor-with-child-1-600x600.jpg 600w\" sizes=\"(max-width: 1000px) 100vw, 1000px\" \/><\/div><\/div><\/div><div class=\"vc_col-sm-8 wpb_column vc_column_container\"><div class=\"vc_column-inner\"><div class=\"wpb_text_column \"><div class=\"wpb_wrapper\">\n<h2 style=\"text-align: left;\"><strong>Construindo um futuro mais saud\u00e1vel<\/strong><\/h2>\n<\/div> <\/div> <div class=\"w-separator type_invisible size_medium thick_1 style_solid color_border cont_none\"><span class=\"w-separator-h\"><\/span><\/div><div class=\"wpb_text_column \"><div class=\"wpb_wrapper\"><p>\u00aeZTEC Medical \u00e9 uma empresa de tecnologia diversificada focada em melhorar a vida das pessoas atrav\u00e9s de uma inova\u00e7\u00e3o significativa. N\u00f3s nos esfor\u00e7aremos para criar solu\u00e7\u00f5es para enfrentar os desafios da sa\u00fade de hoje, que oferecer\u00e3o melhores cuidados a mais pessoas a um custo menor.<\/p>\n<a onclick=\"wpex_toggle(1997685840, 'Ler mais', 'Ler menos'); return false;\" class=\"wpex-link\" id=\"wpexlink1997685840\" href=\"#\">Ler mais<\/a><div class=\"wpex_div\" id=\"wpex1997685840\" style=\"display: none;\">\n<p>Nossa equipe trabalha em todo o mundo e est\u00e1 empenhada em ajudar a criar momentos de atendimento significativos, seja na sala do hospital, na sala de estar ou na sala de reuni\u00f5es. Veja como estamos trabalhando para criar um futuro mais saud\u00e1vel juntos.<\/p>\n<p>O cuidado m\u00e9dico n\u00e3o \u00e9 s\u00f3 a tecnologia, raz\u00e3o pela qual o \u00aeZTEC Medical tamb\u00e9m analisa as experi\u00eancias de pacientes, m\u00e9dicos, provedores e cuidadores durante a estadia do paciente. Devido \u00e0 nossa experi\u00eancia e compreens\u00e3o, podemos criar as melhores solu\u00e7\u00f5es para cuidar de nossos excelentes conhecimentos e uso da tecnologia.<\/p>\n<p>Ao fazer isso, nossa empresa inovadora espera transformar a forma como as pessoas experimentam cuidados. Esta abordagem inovadora nos ajudar\u00e1 a criar um futuro mais saud\u00e1vel para todos.<\/p>\n<\/div><\/div> <\/div> <\/div><\/div><\/div><\/div><\/div><\/div><\/div><\/section><section class=\"l-section wpb_row height_medium\"><div class=\"l-section-h i-cf\"><div class=\"g-cols offset_small\"><div class=\"vc_col-sm-8 wpb_column vc_column_container\"><div class=\"vc_column-inner\"><div class=\"wpb_text_column \"><div class=\"wpb_wrapper\">\n<h2 style=\"text-align: left;\"><strong>\u00c9tica \u00e9 importante<\/strong><\/h2>\n<\/div> <\/div> <div class=\"w-separator type_invisible size_medium thick_1 style_solid color_border cont_none\"><span class=\"w-separator-h\"><\/span><\/div><div class=\"wpb_text_column \"><div class=\"wpb_wrapper\"><p>Utilizamos servi\u00e7os e tecnologias inovadoras para criar um alto n\u00edvel de excel\u00eancia cl\u00ednica. N\u00f3s, como empresa de sa\u00fade, estamos empenhados em cumprir as obriga\u00e7\u00f5es \u00e9ticas e de conformidade.<\/p><\/div> <\/div> <\/div><\/div><div class=\"vc_col-sm-4 wpb_column vc_column_container\"><div class=\"vc_column-inner\"><div class=\"w-image \"><img width=\"1000\" height=\"667\" src=\"https:\/\/ztecmedical.com\/wp-content\/uploads\/2016\/09\/ztec-teamwork-analysis-.jpg\" class=\"attachment-large size-large\" alt=\"ztec-teamwork-analysis\" decoding=\"async\" loading=\"lazy\" srcset=\"https:\/\/ztecmedical.com\/wp-content\/uploads\/2016\/09\/ztec-teamwork-analysis-.jpg 1000w, https:\/\/ztecmedical.com\/wp-content\/uploads\/2016\/09\/ztec-teamwork-analysis--300x200.jpg 300w, https:\/\/ztecmedical.com\/wp-content\/uploads\/2016\/09\/ztec-teamwork-analysis--768x512.jpg 768w, https:\/\/ztecmedical.com\/wp-content\/uploads\/2016\/09\/ztec-teamwork-analysis--600x400.jpg 600w\" sizes=\"(max-width: 1000px) 100vw, 1000px\" \/><\/div><\/div><\/div><\/div><\/div><\/section><!-- Row Backgrounds --><div class=\"upb_color\" data-bg-override=\"0\" data-bg-color=\"#d9edf6\" data-fadeout=\"\" data-fadeout-percentage=\"30\" data-parallax-content=\"\" data-parallax-content-sense=\"30\" data-row-effect-mobile-disable=\"true\" data-img-parallax-mobile-disable=\"true\" data-rtl=\"false\"  data-custom-vc-row=\"\"  data-vc=\"5.2\"  data-is_old_vc=\"\"  data-theme-support=\"\"   data-overlay=\"false\" data-overlay-color=\"\" data-overlay-pattern=\"\" data-overlay-pattern-opacity=\"\" data-overlay-pattern-size=\"\"    ><\/div><section class=\"l-section wpb_row height_medium\" id=\"ourhistory\"><div class=\"l-section-h i-cf\"><div class=\"g-cols offset_small\"><div class=\"vc_col-sm-4 wpb_column vc_column_container\"><div class=\"vc_column-inner\"><div class=\"w-image \"><img width=\"1024\" height=\"576\" src=\"https:\/\/ztecmedical.com\/wp-content\/uploads\/2016\/09\/ztec-about-us-chalenge--1024x576.jpg\" class=\"attachment-large size-large\" alt=\"ztec-about-us-chalenge\" decoding=\"async\" loading=\"lazy\" srcset=\"https:\/\/ztecmedical.com\/wp-content\/uploads\/2016\/09\/ztec-about-us-chalenge--1024x576.jpg 1024w, https:\/\/ztecmedical.com\/wp-content\/uploads\/2016\/09\/ztec-about-us-chalenge--300x169.jpg 300w, https:\/\/ztecmedical.com\/wp-content\/uploads\/2016\/09\/ztec-about-us-chalenge--768x432.jpg 768w, https:\/\/ztecmedical.com\/wp-content\/uploads\/2016\/09\/ztec-about-us-chalenge--600x338.jpg 600w, https:\/\/ztecmedical.com\/wp-content\/uploads\/2016\/09\/ztec-about-us-chalenge-.jpg 1200w\" sizes=\"(max-width: 1024px) 100vw, 1024px\" \/><\/div><\/div><\/div><div class=\"vc_col-sm-8 wpb_column vc_column_container\"><div class=\"vc_column-inner\"><div class=\"wpb_text_column \"><div class=\"wpb_wrapper\">\n<h2 style=\"text-align: left;\"><strong>Nossa Hist\u00f3ria e Valores Fundamentais<\/strong><\/h2>\n<\/div> <\/div> <div class=\"w-separator type_invisible size_medium thick_1 style_solid color_border cont_none\"><span class=\"w-separator-h\"><\/span><\/div><div class=\"wpb_text_column \"><div class=\"wpb_wrapper\"><p>Nossa jornada de inova\u00e7\u00e3o come\u00e7ou em 2003, quando nosso vision\u00e1rio decidiu se esfor\u00e7ar para melhorar o bem-estar dos cuidados de sa\u00fade de indiv\u00edduos e fam\u00edlias no Brasil. Hoje em dia, continuamos a desenvolver o nosso legado, fornecendo o mais novo de formas inovadoras para tratar pacientes de todo o mundo de forma \u00e9tica.<\/p><\/div> <\/div> <\/div><\/div><\/div><\/div><\/section><section class=\"l-section wpb_row height_medium\"><div class=\"l-section-h i-cf\"><div class=\"g-cols offset_small\"><div class=\"vc_col-sm-12 wpb_column vc_column_container\"><div class=\"vc_column-inner\"><div class=\"wpb_text_column \"><div class=\"wpb_wrapper\"><span style=\"font-size: large; color: #ffffff;\">N\u00f3s ainda existimos sob os mesmos valores fundamentais:<\/span><\/div> <\/div> <div class=\"w-separator type_invisible size_small thick_1 style_solid color_border cont_none\"><span class=\"w-separator-h\"><\/span><\/div><div class=\"g-cols wpb_row offset_small vc_inner \"><div class=\"vc_col-sm-4 wpb_column vc_column_container\"><div class=\"vc_column-inner\"><div class=\"w-iconbox iconpos_top size_huge style_default color_primary icontype_img\"><div class=\"w-iconbox-icon\"><img src=\"https:\/\/ztecmedical.com\/wp-content\/uploads\/2016\/09\/ztec-about-us-child-.jpg\" width=\"475\" height=\"257\" alt=\"Sa\u00fade inovadora\" \/><\/div><h4 class=\"w-iconbox-title\">Sa\u00fade inovadora<\/h4><div class=\"w-iconbox-text\">Nossas equipes est\u00e3o constantemente pensando de forma criativa para transformar nossas ideias em uma realidade que ir\u00e1 beneficiar todos nos cuidados de sa\u00fade.<\/div><\/div><\/div><\/div><div class=\"vc_col-sm-4 wpb_column vc_column_container\"><div class=\"vc_column-inner\"><div class=\"w-iconbox iconpos_top size_huge style_default color_primary icontype_img\"><div class=\"w-iconbox-icon\"><img src=\"https:\/\/ztecmedical.com\/wp-content\/uploads\/2016\/09\/ztec-about-improve-.jpg\" width=\"600\" height=\"347\" alt=\"Melhorando o Desempenho\" \/><\/div><h4 class=\"w-iconbox-title\">Melhorando o Desempenho<\/h4><div class=\"w-iconbox-text\">N\u00f3s sempre trabalharemos mais para beneficiar todos os nossos clientes.<\/div><\/div><\/div><\/div><div class=\"vc_col-sm-4 wpb_column vc_column_container\"><div class=\"vc_column-inner\"><div class=\"w-iconbox iconpos_top size_huge style_default color_primary icontype_img\"><div class=\"w-iconbox-icon\"><img src=\"https:\/\/ztecmedical.com\/wp-content\/uploads\/2016\/09\/ztec-at-sustainable-world-.jpg\" width=\"1000\" height=\"667\" alt=\"Colaborando em todo o mundo\" \/><\/div><h4 class=\"w-iconbox-title\">Colaborando em todo o mundo<\/h4><div class=\"w-iconbox-text\">Queremos criar oportunidades globais em todo o mundo para aumentar o alcance de nossas solu\u00e7\u00f5es m\u00e9dicas.<\/div><\/div><\/div><\/div><\/div><div class=\"w-separator type_invisible size_small thick_1 style_solid color_border cont_none\"><span class=\"w-separator-h\"><\/span><\/div><div class=\"g-cols wpb_row offset_small vc_inner \"><div class=\"vc_col-sm-4 wpb_column vc_column_container\"><div class=\"vc_column-inner\"><div class=\"w-iconbox iconpos_top size_huge style_default color_primary icontype_img\"><div class=\"w-iconbox-icon\"><img src=\"https:\/\/ztecmedical.com\/wp-content\/uploads\/2016\/09\/ztec-about-us-manager-.jpg\" width=\"700\" height=\"467\" alt=\"Oportunidades iguais\" \/><\/div><h4 class=\"w-iconbox-title\">Oportunidades iguais<\/h4><div class=\"w-iconbox-text\">Criamos oportunidades iguais para todos, pois queremos apoiar talentos brilhantes.<\/div><\/div><\/div><\/div><div class=\"vc_col-sm-4 wpb_column vc_column_container\"><div class=\"vc_column-inner\"><div class=\"w-iconbox iconpos_top size_huge style_default color_primary icontype_img\"><div class=\"w-iconbox-icon\"><img src=\"https:\/\/ztecmedical.com\/wp-content\/uploads\/2016\/09\/ztec-about-us-positive-.jpg\" width=\"600\" height=\"520\" alt=\"Positividade\" \/><\/div><h4 class=\"w-iconbox-title\">Positividade<\/h4><div class=\"w-iconbox-text\">Reagimos \u00e0s mudan\u00e7as no mundo dos cuidados com a sa\u00fade com positividade, a fim de melhorar ainda mais os cuidados aos pacientes.<\/div><\/div><\/div><\/div><div class=\"vc_col-sm-4 wpb_column vc_column_container\"><div class=\"vc_column-inner\"><div class=\"w-iconbox iconpos_top size_huge style_default color_primary icontype_img\"><div class=\"w-iconbox-icon\"><img src=\"https:\/\/ztecmedical.com\/wp-content\/uploads\/2016\/09\/ztec-sustainable-world-.jpg\" width=\"424\" height=\"283\" alt=\"Sustentabilidade\" \/><\/div><h4 class=\"w-iconbox-title\">Sustentabilidade<\/h4><div class=\"w-iconbox-text\">&#8220;Atuando hoje para proteger o futuro&#8221;<br \/>\nDesde nossos produtos e servi\u00e7os at\u00e9 nossas pessoas, estamos empenhados em liderar pelo exemplo atrav\u00e9s de nossos programas ambientalmente e socialmente respons\u00e1veis.<\/div><\/div><\/div><\/div><\/div><\/div><\/div><\/div><\/div><\/section><!-- Row Backgrounds --><div class=\"upb_color\" data-bg-override=\"0\" data-bg-color=\"#1370a9\" data-fadeout=\"\" data-fadeout-percentage=\"30\" data-parallax-content=\"\" data-parallax-content-sense=\"30\" data-row-effect-mobile-disable=\"true\" data-img-parallax-mobile-disable=\"true\" data-rtl=\"false\"  data-custom-vc-row=\"\"  data-vc=\"5.2\"  data-is_old_vc=\"\"  data-theme-support=\"\"   data-overlay=\"false\" data-overlay-color=\"\" data-overlay-pattern=\"\" data-overlay-pattern-opacity=\"\" data-overlay-pattern-size=\"\"    ><\/div>","protected":false},"excerpt":{"rendered":"[vc_custom_heading text=\"Criando um futuro mais saud\u00e1vel para todos\" font_container=\"tag:h1|font_size:55px|text_align:left|color:%23ffffff\" google_fonts=\"font_family:Open%20Sans%3A300%2C300italic%2Cregular%2Citalic%2C600%2C600italic%2C700%2C700italic%2C800%2C800italic|font_style:400%20regular%3A400%3Anormal\" el_class=\"about-text\" css=\".vc_custom_1508761712976{padding-top: 100px !important;}\"]Nossa equipe de engenheiros experientes com diferentes experi\u00eancias de trabalho, incluindo engenheiros biom\u00e9dicos certificados e t\u00e9cnicos qualificados,...","protected":false},"author":1,"featured_media":0,"parent":0,"menu_order":0,"comment_status":"closed","ping_status":"closed","template":"","meta":[],"yoast_head":"<!-- This site is optimized with the Yoast SEO plugin v15.5 - https:\/\/yoast.com\/wordpress\/plugins\/seo\/ -->\n<meta name=\"description\" content=\"About Us | ZTEC Medical | Our team of experienced engineers with a different background including certified Biomedical Engineers and qualified Technicians\" \/>\n<meta name=\"robots\" content=\"index, follow, max-snippet:-1, max-image-preview:large, max-video-preview:-1\" \/>\n<link rel=\"canonical\" href=\"https:\/\/ztecmedical.com\/about-us\/\" \/>\n<meta property=\"og:locale\" content=\"pt_PT\" \/>\n<meta property=\"og:type\" content=\"article\" \/>\n<meta property=\"og:title\" content=\"About Us | ZTEC Medical Export &amp; Import a leading global innovator\" \/>\n<meta property=\"og:description\" content=\"About Us | ZTEC Medical | Our team of experienced engineers with a different background including certified Biomedical Engineers and qualified Technicians\" \/>\n<meta property=\"og:url\" content=\"https:\/\/ztecmedical.com\/about-us\/\" \/>\n<meta property=\"og:site_name\" content=\"ZTEC MEDICAL\" \/>\n<meta property=\"article:modified_time\" content=\"2020-12-16T21:19:41+00:00\" \/>\n<meta name=\"twitter:card\" content=\"summary\" \/>\n<meta name=\"twitter:label1\" content=\"Est. reading time\">\n\t<meta name=\"twitter:data1\" content=\"11 minutos\">\n<script type=\"application\/ld+json\" class=\"yoast-schema-graph\">{\"@context\":\"https:\/\/schema.org\",\"@graph\":[{\"@type\":\"WebSite\",\"@id\":\"https:\/\/ztecmedical.com\/#website\",\"url\":\"https:\/\/ztecmedical.com\/\",\"name\":\"ZTEC MEDICAL\",\"description\":\"Medical Equipment Export, Medical Devices\",\"potentialAction\":[{\"@type\":\"SearchAction\",\"target\":\"https:\/\/ztecmedical.com\/?s={search_term_string}\",\"query-input\":\"required name=search_term_string\"}],\"inLanguage\":\"pt-PT\"},{\"@type\":\"WebPage\",\"@id\":\"https:\/\/ztecmedical.com\/about-us\/#webpage\",\"url\":\"https:\/\/ztecmedical.com\/about-us\/\",\"name\":\"About Us | ZTEC Medical Export & Import a leading global innovator\",\"isPartOf\":{\"@id\":\"https:\/\/ztecmedical.com\/#website\"},\"datePublished\":\"2020-09-27T06:27:00+00:00\",\"dateModified\":\"2020-12-16T21:19:41+00:00\",\"description\":\"About Us | ZTEC Medical | Our team of experienced engineers with a different background including certified Biomedical Engineers and qualified Technicians\",\"inLanguage\":\"pt-PT\",\"potentialAction\":[{\"@type\":\"ReadAction\",\"target\":[\"https:\/\/ztecmedical.com\/about-us\/\"]}]}]}<\/script>\n<!-- \/ Yoast SEO plugin. -->","_links":{"self":[{"href":"https:\/\/ztecmedical.com\/pt\/wp-json\/wp\/v2\/pages\/5174"}],"collection":[{"href":"https:\/\/ztecmedical.com\/pt\/wp-json\/wp\/v2\/pages"}],"about":[{"href":"https:\/\/ztecmedical.com\/pt\/wp-json\/wp\/v2\/types\/page"}],"author":[{"embeddable":true,"href":"https:\/\/ztecmedical.com\/pt\/wp-json\/wp\/v2\/users\/1"}],"replies":[{"embeddable":true,"href":"https:\/\/ztecmedical.com\/pt\/wp-json\/wp\/v2\/comments?post=5174"}],"version-history":[{"count":4,"href":"https:\/\/ztecmedical.com\/pt\/wp-json\/wp\/v2\/pages\/5174\/revisions"}],"predecessor-version":[{"id":5871,"href":"https:\/\/ztecmedical.com\/pt\/wp-json\/wp\/v2\/pages\/5174\/revisions\/5871"}],"wp:attachment":[{"href":"https:\/\/ztecmedical.com\/pt\/wp-json\/wp\/v2\/media?parent=5174"}],"curies":[{"name":"wp","href":"https:\/\/api.w.org\/{rel}","templated":true}]}}