{"id":9,"date":"2020-05-31T11:56:39","date_gmt":"2020-05-31T11:56:39","guid":{"rendered":"http:\/\/impreza.us-themes.net\/pages\/contact\/"},"modified":"2020-12-16T21:21:12","modified_gmt":"2020-12-16T21:21:12","slug":"contact","status":"publish","type":"page","link":"https:\/\/ztecmedical.com\/pt\/contact\/","title":{"rendered":"Fale conosco"},"content":{"rendered":"<section class=\"l-section wpb_row height_large width_full with_img with_overlay aboutrow\"><div class=\"l-section-img\" style=\"background-image: url(https:\/\/ztecmedical.com\/wp-content\/uploads\/2013\/05\/ztec-future-contact2.jpg);\" data-img-width=\"1000\" data-img-height=\"666\"><\/div><div class=\"l-section-overlay\" style=\"background-color: rgba(0,0,0,0.01)\"><\/div><div class=\"l-section-h i-cf\"><div class=\"g-cols offset_small\"><div class=\"vc_col-sm-12 wpb_column vc_column_container  vc_custom_1482232534168\"><div class=\"vc_column-inner\"><div id=\"ultimate-heading-356569e7384e9c579\" class=\"uvc-heading ult-adjust-bottom-margin ultimate-heading-356569e7384e9c579 uvc-4340 \" data-hspacer=\"no_spacer\"  data-halign=\"center\" style=\"text-align:center\"><div class=\"uvc-heading-spacer no_spacer\" style=\"top\"><\/div><div class=\"uvc-main-heading ult-responsive\"  data-ultimate-target='.uvc-heading.ultimate-heading-356569e7384e9c579 h1'  data-responsive-json-new='{\"font-size\":\"\",\"line-height\":\"\"}' ><h1 style=\"font-weight:normal;color:#ffffff;\">Fale conosco<\/h1><\/div><\/div><\/div><\/div><\/div><\/div><\/section><section class=\"l-section wpb_row height_medium\"><div class=\"l-section-h i-cf\"><div class=\"g-cols offset_small\"><div class=\"vc_col-sm-4 wpb_column vc_column_container\"><div class=\"vc_column-inner\"><div class=\"wpb_text_column \"><div class=\"wpb_wrapper\">\n<h3>Conecte-se Conosco<\/h3>\n<\/div> <\/div> <div class=\"w-socials align_left style_desaturated index_3\" style=\"font-size: 24px;\"><div class=\"w-socials-list\"><div class=\"w-socials-item facebook\">\r\n\t\t\t\t<a class=\"w-socials-item-link\" target=\"_blank\" href=\"https:\/\/www.facebook.com\/ztecmedical\/\">\r\n\t\t\t\t\t<span class=\"w-socials-item-link-hover\"><\/span>\r\n\t\t\t\t<\/a>\r\n\t\t\t\t<div class=\"w-socials-item-popup\">\r\n\t\t\t\t\t<span>Facebook<\/span>\r\n\t\t\t\t<\/div>\r\n\t\t\t<\/div><div class=\"w-socials-item twitter\">\r\n\t\t\t\t<a class=\"w-socials-item-link\" target=\"_blank\" href=\"https:\/\/twitter.com\/ZtecMedical\">\r\n\t\t\t\t\t<span class=\"w-socials-item-link-hover\"><\/span>\r\n\t\t\t\t<\/a>\r\n\t\t\t\t<div class=\"w-socials-item-popup\">\r\n\t\t\t\t\t<span>Twitter<\/span>\r\n\t\t\t\t<\/div>\r\n\t\t\t<\/div><div class=\"w-socials-item google\">\r\n\t\t\t\t<a class=\"w-socials-item-link\" target=\"_blank\" href=\"https:\/\/plus.google.com\/116131937449524235590\/about?gmbpt=true&#038;hl=en-GB&#038;_ga=1.245734596.1118791146.1468263420\">\r\n\t\t\t\t\t<span class=\"w-socials-item-link-hover\"><\/span>\r\n\t\t\t\t<\/a>\r\n\t\t\t\t<div class=\"w-socials-item-popup\">\r\n\t\t\t\t\t<span>Google+<\/span>\r\n\t\t\t\t<\/div>\r\n\t\t\t<\/div><div class=\"w-socials-item linkedin\">\r\n\t\t\t\t<a class=\"w-socials-item-link\" target=\"_blank\" href=\"https:\/\/www.linkedin.com\/company\/ztec-medical\">\r\n\t\t\t\t\t<span class=\"w-socials-item-link-hover\"><\/span>\r\n\t\t\t\t<\/a>\r\n\t\t\t\t<div class=\"w-socials-item-popup\">\r\n\t\t\t\t\t<span>LinkedIn<\/span>\r\n\t\t\t\t<\/div>\r\n\t\t\t<\/div><div class=\"w-socials-item youtube\">\r\n\t\t\t\t<a class=\"w-socials-item-link\" target=\"_blank\" href=\"https:\/\/www.youtube.com\/channel\/UCvy1FYIHmlFQliopCvjARcw\">\r\n\t\t\t\t\t<span class=\"w-socials-item-link-hover\"><\/span>\r\n\t\t\t\t<\/a>\r\n\t\t\t\t<div class=\"w-socials-item-popup\">\r\n\t\t\t\t\t<span>YouTube<\/span>\r\n\t\t\t\t<\/div>\r\n\t\t\t<\/div><\/div><\/div><div class=\"w-separator type_invisible size_medium thick_1 style_solid color_border cont_none\"><span class=\"w-separator-h\"><\/span><\/div><div class=\"wpb_text_column \"><div class=\"wpb_wrapper\">\n<h3><span style=\"color: #323232;\"><span style=\"font-size: large;\"><span lang=\"en-GB\">Local do Escrit\u00f3rio: <\/span><\/span><\/span><\/h3>\n<\/div> <\/div> <div class=\"w-contacts\"><div class=\"w-contacts-list\"><div class=\"w-contacts-item for_address\"><span class=\"w-contacts-item-value\">International House 24 Holborn Viaduct City Of London EC1A 2BN United Kingdom<\/span><\/div><div class=\"w-contacts-item for_phone\"><span class=\"w-contacts-item-value\">44 - (0) 2089695135<\/span><\/div><div class=\"w-contacts-item for_email\"><span class=\"w-contacts-item-value\"><a href=\"mailto:Info@ztecmedical.com\">Info@ztecmedical.com<\/a><\/span><\/div><\/div><\/div><\/div><\/div><div class=\"vc_col-sm-8 wpb_column vc_column_container\"><div class=\"vc_column-inner\"><div class=\"wpb_text_column \"><div class=\"wpb_wrapper\">\n<h3>Entre em Contato Conosco<\/h3>\n<p>Agradecemos o seu interesse na Ztec Medical, uma empresa de tecnologia diversificada, focada na melhoria da vida das pessoas atrav\u00e9s de uma inova\u00e7\u00e3o substancial.<\/p>\n<p>Se gostaria de mais informa\u00e7\u00f5es ou possui alguma pergunta sobre nossos produtos e servi\u00e7os, por gentileza entre em contato online ou por telefone.<\/div> <\/div> <div class=\"w-form for_cform align_left\" id=\"us_form_3\">\r\n\t<form class=\"w-form-h\" autocomplete=\"off\" action=\"https:\/\/ztecmedical.com\/pt\/wp-json\/wp\/v2\/pages\/9\" method=\"post\">\r\n\t\t\t\t\t\t\t<div class=\"w-form-row for_name\">\r\n\t<div class=\"w-form-row-label\">\r\n\t\t<label for=\"us_form_3_name\"><\/label>\r\n\t<\/div>\r\n\t<div class=\"w-form-row-field\">\r\n\t\t\t\t<input type=\"text\" name=\"name\" id=\"us_form_3_name\" value=\"\"\r\n\t\t       placeholder=\"Nome\"\/>\r\n\t\t<span class=\"w-form-row-field-bar\"><\/span>\r\n\t\t\t<\/div>\r\n\t<div class=\"w-form-row-state\"><\/div>\r\n\t<\/div>\r\n\t\t\t\t\t<div class=\"w-form-row for_email required\">\r\n\t<div class=\"w-form-row-label\">\r\n\t\t<label for=\"us_form_3_email\"><\/label>\r\n\t<\/div>\r\n\t<div class=\"w-form-row-field\">\r\n\t\t\t\t<input type=\"email\" name=\"email\" id=\"us_form_3_email\" value=\"\"\r\n\t\t       placeholder=\"Email *\" data-required=\"true\" aria-required=\"true\"\/>\r\n\t\t<span class=\"w-form-row-field-bar\"><\/span>\r\n\t\t\t<\/div>\r\n\t<div class=\"w-form-row-state\"><\/div>\r\n\t<\/div>\r\n\t\t\t\t\t<div class=\"w-form-row for_phone\">\r\n\t<div class=\"w-form-row-label\">\r\n\t\t<label for=\"us_form_3_phone\"><\/label>\r\n\t<\/div>\r\n\t<div class=\"w-form-row-field\">\r\n\t\t\t\t<input type=\"text\" name=\"phone\" id=\"us_form_3_phone\" value=\"\"\r\n\t\t       placeholder=\"Telefone\"\/>\r\n\t\t<span class=\"w-form-row-field-bar\"><\/span>\r\n\t\t\t<\/div>\r\n\t<div class=\"w-form-row-state\"><\/div>\r\n\t<\/div>\r\n\t\t\t\t\t<div class=\"w-form-row for_message required\">\r\n\t<div class=\"w-form-row-label\">\r\n\t\t<label for=\"us_form_3_message\"><\/label>\r\n\t<\/div>\r\n\t<div class=\"w-form-row-field\">\r\n\t\t\t\t<textarea name=\"message\" id=\"us_form_3_message\" cols=\"30\" rows=\"10\" placeholder=\"Mensagem *\"\r\n\t\t\t data-required=\"true\" aria-required=\"true\"><\/textarea>\r\n\t\t<span class=\"w-form-row-field-bar\"><\/span>\r\n\t\t\t<\/div>\r\n\t<div class=\"w-form-row-state\"><\/div>\r\n\t<\/div>\r\n\t\t\t\t\t<input type=\"hidden\" name=\"action\" value=\"us_ajax_cform\"\/>\r\n\t\t\t\t\t<input type=\"hidden\" name=\"post_id\" value=\"9\"\/>\r\n\t\t\t\t\t<input type=\"hidden\" name=\"form_index\" value=\"3\"\/>\r\n\t\t\t\t\t<div class=\"w-form-row for_submit\">\r\n\t<div class=\"w-form-row-field\">\r\n\t\t<button class=\"w-btn size_15px color_primary style_solid\" type=\"submit\"><span class=\"g-preloader type_1\"><\/span><span class=\"w-btn-label\">Enviar mensagem<\/span><\/button>\r\n\t<\/div>\r\n<\/div>\r\n\t\t\t\t<div class=\"w-form-message\"><\/div>\r\n\t\t\t<\/form>\r\n\t\t\t<div class=\"w-form-json hidden\" onclick='return {&quot;ajaxurl&quot;:&quot;https:\\\/\\\/ztecmedical.com\\\/wp-admin\\\/admin-ajax.php&quot;,&quot;success&quot;:&quot;Obrigado&quot;,&quot;errors&quot;:{&quot;name&quot;:&quot;Por favo coloque seu Nome&quot;,&quot;email&quot;:&quot;Por favor coloque seu email&quot;,&quot;phone&quot;:&quot;Por favor coloqu seu Telefone&quot;,&quot;message&quot;:&quot;Por favor coloque uma Mensagem&quot;}}'><\/div>\r\n\t<\/div>\r\n<\/div><\/div><\/div><\/div><\/section><section class=\"l-section wpb_row height_medium\"><div class=\"l-section-h i-cf\"><div class=\"g-cols offset_small\"><div class=\"vc_col-sm-12 wpb_column vc_column_container\"><div class=\"vc_column-inner\"><div class=\"g-cols wpb_row offset_small vc_inner \"><div class=\"vc_col-sm-12 wpb_column vc_column_container\"><div class=\"vc_column-inner\"><div class=\"wpb_text_column \"><div class=\"wpb_wrapper\">\n<h3><strong>Seja Um De Nossos Blogueiros Convidados<\/strong><\/h3>\n<\/div> <\/div> <div class=\"w-separator type_invisible size_small thick_1 style_solid color_border cont_none\"><span class=\"w-separator-h\"><\/span><\/div><\/div><\/div><\/div><div class=\"g-cols wpb_row offset_small vc_inner \"><div class=\"vc_col-sm-3 wpb_column vc_column_container\"><div class=\"vc_column-inner\"><div class=\"w-image \"><img width=\"306\" height=\"378\" src=\"https:\/\/ztecmedical.com\/wp-content\/uploads\/2013\/05\/IMG_1090.jpg\" class=\"attachment-large size-large\" alt=\"Elizane writer\" decoding=\"async\" loading=\"lazy\" srcset=\"https:\/\/ztecmedical.com\/wp-content\/uploads\/2013\/05\/IMG_1090.jpg 306w, https:\/\/ztecmedical.com\/wp-content\/uploads\/2013\/05\/IMG_1090-243x300.jpg 243w\" sizes=\"(max-width: 306px) 100vw, 306px\" \/><\/div><\/div><\/div><div class=\"vc_col-sm-9 wpb_column vc_column_container\"><div class=\"vc_column-inner\"><div class=\"wpb_text_column \"><div class=\"wpb_wrapper\"><p>Voc\u00ea tem paix\u00e3o por ajudar os outros? J\u00e1 temos uma s\u00e9rie de profissionais e pessoas de talento nos blogueiros convidados da Ztec Medical, fornecendo artigos de opini\u00e3o especializada sobre t\u00f3picos atuais de interesse para o setor de Sa\u00fade M\u00e9dica.<\/p>\n<p>Se voc\u00ea estiver interessado em escrever uma postagem de blog como convidado, entre em contato conosco &#8211; Tamb\u00e9m iremos apresentar fotografias e links para seu portf\u00f3lio ou site para promover seu projeto.<\/p><\/div> <\/div> <\/div><\/div><\/div><\/div><\/div><\/div><\/div><\/section><section class=\"l-section wpb_row height_medium\"><div class=\"l-section-h i-cf\"><div class=\"g-cols offset_small\"><div class=\"vc_col-sm-12 wpb_column vc_column_container\"><div class=\"vc_column-inner\"><div class=\"g-cols wpb_row offset_small vc_inner  vc_custom_1476957211032\"><div class=\"vc_col-sm-12 wpb_column vc_column_container\"><div class=\"vc_column-inner\"><div class=\"wpb_text_column \"><div class=\"wpb_wrapper\">\n<h2><strong>Local do Escrit\u00f3rio<\/strong><\/h2>\n<\/div> <\/div> <\/div><\/div><\/div><div id='wrap_map_69e7384e9cf6c' class='ultimate-map-wrapper ult-adjust-bottom-margin ' style=' height:300px;'><div id='map_69e7384e9cf6c' data-map_override='0' class='ultimate_google_map wpb_content_element page_margin_top' style='width:100%;height:300px;'><\/div><\/div><script type='text\/javascript'>\n\t\t\t(function($) {\n  \t\t\t'use strict';\n\t\t\tvar map_map_69e7384e9cf6c = null;\n\t\t\tvar coordinate_map_69e7384e9cf6c;\n\t\t\tvar isDraggable = $(document).width() > 641 ? true : true;\n\t\t\ttry\n\t\t\t{\n\t\t\t\tvar map_map_69e7384e9cf6c = null;\n\t\t\t\tvar coordinate_map_69e7384e9cf6c;\n\t\t\t\tcoordinate_map_69e7384e9cf6c=new google.maps.LatLng(51.51695, -0.10478);\n\t\t\t\tvar mapOptions=\n\t\t\t\t{\n\t\t\t\t\tzoom: 12,\n\t\t\t\t\tcenter: coordinate_map_69e7384e9cf6c,\n\t\t\t\t\tscaleControl: true,\n\t\t\t\t\tstreetViewControl: false,\n\t\t\t\t\tmapTypeControl: false,\n\t\t\t\t\tpanControl: false,\n\t\t\t\t\tzoomControl: false,\n\t\t\t\t\tscrollwheel: true,\n\t\t\t\t\tdraggable: isDraggable,\n\t\t\t\t\tzoomControlOptions: {\n\t\t\t\t\t  style: google.maps.ZoomControlStyle.SMALL\n\t\t\t\t\t},mapTypeId: google.maps.MapTypeId.ROADMAP,};var map_map_69e7384e9cf6c = new google.maps.Map(document.getElementById('map_69e7384e9cf6c'),mapOptions);\n\t\t\t\t\t\tvar x = 'infowindow_open_value';\n\t\t\t\t\t\tvar marker_map_69e7384e9cf6c = new google.maps.Marker({\n\t\t\t\t\t\tposition: new google.maps.LatLng(51.51695, -0.10478),\n\t\t\t\t\t\tanimation:  google.maps.Animation.DROP,\n\t\t\t\t\t\tmap: map_map_69e7384e9cf6c,\n\t\t\t\t\t\ticon: ''\n\t\t\t\t\t});\n\t\t\t\t\tgoogle.maps.event.addListener(marker_map_69e7384e9cf6c, 'click', toggleBounce);}\n\t\t\tcatch(e){};\n\t\t\tjQuery(document).ready(function($){\n\t\t\t\tgoogle.maps.event.trigger(map_map_69e7384e9cf6c, 'resize');\n\t\t\t\t$(window).resize(function(){\n\t\t\t\t\tgoogle.maps.event.trigger(map_map_69e7384e9cf6c, 'resize');\n\t\t\t\t\tif(map_map_69e7384e9cf6c!=null)\n\t\t\t\t\t\tmap_map_69e7384e9cf6c.setCenter(coordinate_map_69e7384e9cf6c);\n\t\t\t\t});\n\t\t\t\t$('.ui-tabs').bind('tabsactivate', function(event, ui) {\n\t\t\t\t   if($(this).find('.ultimate-map-wrapper').length > 0)\n\t\t\t\t\t{\n\t\t\t\t\t\tsetTimeout(function(){\n\t\t\t\t\t\t\t$(window).trigger('resize');\n\t\t\t\t\t\t},200);\n\t\t\t\t\t}\n\t\t\t\t});\n\t\t\t\t$('.ui-accordion').bind('accordionactivate', function(event, ui) {\n\t\t\t\t   if($(this).find('.ultimate-map-wrapper').length > 0)\n\t\t\t\t\t{\n\t\t\t\t\t\tsetTimeout(function(){\n\t\t\t\t\t\t\t$(window).trigger('resize');\n\t\t\t\t\t\t},200);\n\t\t\t\t\t}\n\t\t\t\t});\n\t\t\t\t$(window).load(function(){\n\t\t\t\t\tsetTimeout(function(){\n\t\t\t\t\t\t$(window).trigger('resize');\n\t\t\t\t\t},200);\n\t\t\t\t});\n\t\t\t\t$('.ult_exp_section').select(function(){\n\t\t\t\t\tif($(map_map_69e7384e9cf6c).parents('.ult_exp_section'))\n\t\t\t\t\t{\n\t\t\t\t\t\tsetTimeout(function(){\n\t\t\t\t\t\t\t$(window).trigger('resize');\n\t\t\t\t\t\t},200);\n\t\t\t\t\t}\n\t\t\t\t});\n\t\t\t\t$(document).on('onUVCModalPopupOpen', function(){\n\t\t\t\t\tif($(map_map_69e7384e9cf6c).parents('.ult_modal-content'))\n\t\t\t\t\t{\n\t\t\t\t\t\tsetTimeout(function(){\n\t\t\t\t\t\t\t$(window).trigger('resize');\n\t\t\t\t\t\t},200);\n\t\t\t\t\t}\n\t\t\t\t});\n\t\t\t\t$(document).on('click','.ult_tab_li',function(){\n\t\t\t\t\t$(window).trigger('resize');\n\t\t\t\t\tsetTimeout(function(){\n\t\t\t\t\t\t$(window).trigger('resize');\n\t\t\t\t\t},200);\n\t\t\t\t});\n\t\t\t});\n\t\t\tfunction toggleBounce() {\n\t\t\t  if (marker_map_69e7384e9cf6c.getAnimation() != null) {\n\t\t\t\tmarker_map_69e7384e9cf6c.setAnimation(null);\n\t\t\t  } else {\n\t\t\t\tmarker_map_69e7384e9cf6c.setAnimation(google.maps.Animation.BOUNCE);\n\t\t\t  }\n\t\t\t}\n\t\t\t})(jQuery);\n\t\t\t<\/script><\/div><\/div><\/div><\/div><\/section><!-- Row Backgrounds --><div class=\"upb_color\" data-bg-override=\"0\" data-bg-color=\"#d9edf6\" data-fadeout=\"\" data-fadeout-percentage=\"30\" data-parallax-content=\"\" data-parallax-content-sense=\"30\" data-row-effect-mobile-disable=\"true\" data-img-parallax-mobile-disable=\"true\" data-rtl=\"false\"  data-custom-vc-row=\"\"  data-vc=\"5.2\"  data-is_old_vc=\"\"  data-theme-support=\"\"   data-overlay=\"false\" data-overlay-color=\"\" data-overlay-pattern=\"\" data-overlay-pattern-opacity=\"\" data-overlay-pattern-size=\"\"    ><\/div>","protected":false},"excerpt":{"rendered":"Fale conosco Conecte-se Conosco Facebook Twitter Google+ LinkedIn YouTube Local do Escrit\u00f3rio: International House 24 Holborn Viaduct City Of London EC1A 2BN United Kingdom44 - (0) 2089695135Info@ztecmedical.com Entre em Contato...","protected":false},"author":1,"featured_media":0,"parent":0,"menu_order":0,"comment_status":"closed","ping_status":"closed","template":"","meta":[],"yoast_head":"<!-- This site is optimized with the Yoast SEO plugin v15.5 - https:\/\/yoast.com\/wordpress\/plugins\/seo\/ -->\n<meta name=\"robots\" content=\"index, follow, max-snippet:-1, max-image-preview:large, max-video-preview:-1\" \/>\n<link rel=\"canonical\" href=\"https:\/\/ztecmedical.com\/contact\/\" \/>\n<meta property=\"og:locale\" content=\"pt_PT\" \/>\n<meta property=\"og:type\" content=\"article\" \/>\n<meta property=\"og:title\" content=\"[:en]Contact[:es]Contacto[:pt]Fale conosco[:] | ZTEC MEDICAL\" \/>\n<meta property=\"og:url\" content=\"https:\/\/ztecmedical.com\/contact\/\" \/>\n<meta property=\"og:site_name\" content=\"ZTEC MEDICAL\" \/>\n<meta property=\"article:modified_time\" content=\"2020-12-16T21:21:12+00:00\" \/>\n<meta name=\"twitter:card\" content=\"summary\" \/>\n<meta name=\"twitter:label1\" content=\"Est. reading time\">\n\t<meta name=\"twitter:data1\" content=\"5 minutos\">\n<script type=\"application\/ld+json\" class=\"yoast-schema-graph\">{\"@context\":\"https:\/\/schema.org\",\"@graph\":[{\"@type\":\"WebSite\",\"@id\":\"https:\/\/ztecmedical.com\/#website\",\"url\":\"https:\/\/ztecmedical.com\/\",\"name\":\"ZTEC MEDICAL\",\"description\":\"Medical Equipment Export, Medical Devices\",\"potentialAction\":[{\"@type\":\"SearchAction\",\"target\":\"https:\/\/ztecmedical.com\/?s={search_term_string}\",\"query-input\":\"required name=search_term_string\"}],\"inLanguage\":\"pt-PT\"},{\"@type\":\"WebPage\",\"@id\":\"https:\/\/ztecmedical.com\/contact\/#webpage\",\"url\":\"https:\/\/ztecmedical.com\/contact\/\",\"name\":\"[:en]Contact[:es]Contacto[:pt]Fale conosco[:] | ZTEC MEDICAL\",\"isPartOf\":{\"@id\":\"https:\/\/ztecmedical.com\/#website\"},\"datePublished\":\"2020-05-31T11:56:39+00:00\",\"dateModified\":\"2020-12-16T21:21:12+00:00\",\"inLanguage\":\"pt-PT\",\"potentialAction\":[{\"@type\":\"ReadAction\",\"target\":[\"https:\/\/ztecmedical.com\/contact\/\"]}]}]}<\/script>\n<!-- \/ Yoast SEO plugin. -->","_links":{"self":[{"href":"https:\/\/ztecmedical.com\/pt\/wp-json\/wp\/v2\/pages\/9"}],"collection":[{"href":"https:\/\/ztecmedical.com\/pt\/wp-json\/wp\/v2\/pages"}],"about":[{"href":"https:\/\/ztecmedical.com\/pt\/wp-json\/wp\/v2\/types\/page"}],"author":[{"embeddable":true,"href":"https:\/\/ztecmedical.com\/pt\/wp-json\/wp\/v2\/users\/1"}],"replies":[{"embeddable":true,"href":"https:\/\/ztecmedical.com\/pt\/wp-json\/wp\/v2\/comments?post=9"}],"version-history":[{"count":4,"href":"https:\/\/ztecmedical.com\/pt\/wp-json\/wp\/v2\/pages\/9\/revisions"}],"predecessor-version":[{"id":5845,"href":"https:\/\/ztecmedical.com\/pt\/wp-json\/wp\/v2\/pages\/9\/revisions\/5845"}],"wp:attachment":[{"href":"https:\/\/ztecmedical.com\/pt\/wp-json\/wp\/v2\/media?parent=9"}],"curies":[{"name":"wp","href":"https:\/\/api.w.org\/{rel}","templated":true}]}}